{"id":15467,"date":"2019-03-15T19:00:49","date_gmt":"2019-03-15T19:00:49","guid":{"rendered":"https:\/\/mobilicab.com\/?post_type=product&#038;p=15467"},"modified":"2019-03-15T19:23:30","modified_gmt":"2019-03-15T19:23:30","slug":"onward-storm-surge","status":"publish","type":"product","link":"https:\/\/mobilicab.com\/en\/produit\/onward-storm-surge\/","title":{"rendered":"ONWARD\u00ae STORM SURGE"},"content":{"rendered":"<p>[vc_row equal_height=&#8221;yes&#8221; content_placement=&#8221;middle&#8221; css=&#8221;.vc_custom_1547645353825{margin-bottom: 20px !important;}&#8221;][vc_column][vc_single_image image=&#8221;15470&#8243; img_size=&#8221;full&#8221; alignment=&#8221;center&#8221; css=&#8221;.vc_custom_1552677329013{margin-bottom: 0px !important;padding-bottom: 0px !important;}&#8221;][\/vc_column][\/vc_row][vc_row equal_height=&#8221;yes&#8221; content_placement=&#8221;middle&#8221;][vc_column width=&#8221;2\/3&#8243;][vc_single_image image=&#8221;15472&#8243; img_size=&#8221;full&#8221; alignment=&#8221;center&#8221;][\/vc_column][vc_column width=&#8221;1\/3&#8243;][vc_column_text]<\/p>\n<div class=\"title parbase aem-GridColumn aem-GridColumn--default--12\">\n<p>CETTE \u00c9DITION LIMIT\u00c9E:<\/p>\n<ul>\n<li>Int\u00e9gration de la couleur du corps, de la garniture du tableau de bord et des \u00e9vasements d&#8217;ailes<\/li>\n<li>Si\u00e8ges arri\u00e8res de luxe brun avec coutures cascade de diamants et gaufrage Club Car<\/li>\n<li>Roues en chrome PVD Mercury noir<\/li>\n<li>D\u00e9calque Onward Limited Edition<\/li>\n<\/ul>\n<\/div>\n<p>[\/vc_column_text][\/vc_column][\/vc_row][vc_row full_width=&#8221;stretch_row&#8221; equal_height=&#8221;yes&#8221; content_placement=&#8221;middle&#8221; css=&#8221;.vc_custom_1547647889459{padding-top: 80px !important;padding-bottom: 80px !important;background-color: #212121 !important;}&#8221; el_class=&#8221;inverse&#8221;][vc_column width=&#8221;1\/3&#8243;][vc_column_text]<\/p>\n<div class=\"title parbase aem-GridColumn aem-GridColumn--default--12\">\n<div>\n<h2 class=\"title left\">FAITES UN TOUR<\/h2>\n<\/div>\n<\/div>\n<div class=\"text parbase aem-GridColumn aem-GridColumn--default--12\">\n<p>D\u00e9couvrez cette \u00e9dition sp\u00e9ciale sous tous les angles, puis partagez-la avec vos amis et votre famille.<\/p>\n<\/div>\n<p>[\/vc_column_text][\/vc_column][vc_column width=&#8221;2\/3&#8243;][vc_video link=&#8221;https:\/\/youtu.be\/_dE5uWk5IQU&#8221; align=&#8221;center&#8221;][\/vc_column][\/vc_row][vc_row][vc_column][vc_single_image image=&#8221;15474&#8243; img_size=&#8221;full&#8221; alignment=&#8221;center&#8221;][\/vc_column][\/vc_row][vc_row css=&#8221;.vc_custom_1547646749679{padding-top: 40px !important;padding-bottom: 40px !important;}&#8221;][vc_column][vc_column_text]<\/p>\n<h2 style=\"text-align: center;\">Autres voiturettes neuves<\/h2>\n<p>[\/vc_column_text]<div class=\"woocommerce columns-4 \"><ul class=\"products columns-4\">\n<li class=\"product type-product post-14764 status-publish first instock product_cat-4-passengers product_cat-new-carts product_cat-personal-transport has-post-thumbnail taxable shipping-taxable product-type-simple\">\n\t<a href=\"https:\/\/mobilicab.com\/en\/produit\/onward-snowstorm\/\" class=\"woocommerce-LoopProduct-link woocommerce-loop-product__link\"><img loading=\"lazy\" decoding=\"async\" width=\"324\" height=\"243\" src=\"https:\/\/mobilicab.com\/wp-content\/uploads\/2019\/02\/Onward-Snowstorm-2-324x243.jpg\" class=\"attachment-woocommerce_thumbnail size-woocommerce_thumbnail\" alt=\"ONWARD\u00ae SNOWSTORM\" \/><h2 class=\"woocommerce-loop-product__title\">ONWARD\u00ae SNOWSTORM<\/h2>\n<\/a><a href=\"https:\/\/mobilicab.com\/en\/produit\/onward-snowstorm\/\" aria-describedby=\"woocommerce_loop_add_to_cart_link_describedby_14764\" data-quantity=\"1\" class=\"button product_type_simple\" data-product_id=\"14764\" data-product_sku=\"1-1-1-1\" aria-label=\"Read more about &ldquo;ONWARD\u00ae SNOWSTORM&rdquo;\" rel=\"nofollow\" data-success_message=\"\">Read more<\/a>\t<span id=\"woocommerce_loop_add_to_cart_link_describedby_14764\" class=\"screen-reader-text\">\n\t\t\t<\/span>\n<\/li>\n<li class=\"product type-product post-10059 status-publish instock product_cat-2-passengers product_cat-new-carts product_cat-personal-transport product_cat-personnal has-post-thumbnail taxable shipping-taxable product-type-simple\">\n\t<a href=\"https:\/\/mobilicab.com\/en\/produit\/onward-2-passagers\/\" class=\"woocommerce-LoopProduct-link woocommerce-loop-product__link\"><img loading=\"lazy\" decoding=\"async\" width=\"324\" height=\"243\" src=\"https:\/\/mobilicab.com\/wp-content\/uploads\/2018\/06\/ONWARD\u00ae-2-PASSENGER-324x243.jpg\" class=\"attachment-woocommerce_thumbnail size-woocommerce_thumbnail\" alt=\"ONWARD\u00ae 2 PASSAGERS\" \/><h2 class=\"woocommerce-loop-product__title\">ONWARD\u00ae 2 PASSAGERS<\/h2>\n<\/a><a href=\"https:\/\/mobilicab.com\/en\/produit\/onward-2-passagers\/\" aria-describedby=\"woocommerce_loop_add_to_cart_link_describedby_10059\" data-quantity=\"1\" class=\"button product_type_simple\" data-product_id=\"10059\" data-product_sku=\"2\" aria-label=\"Read more about &ldquo;ONWARD\u00ae 2 PASSAGERS&rdquo;\" rel=\"nofollow\" data-success_message=\"\">Read more<\/a>\t<span id=\"woocommerce_loop_add_to_cart_link_describedby_10059\" class=\"screen-reader-text\">\n\t\t\t<\/span>\n<\/li>\n<li class=\"product type-product post-10065 status-publish instock product_cat-4x4-en product_cat-new-carts product_cat-utility-4x4 product_cat-utility-and-commercial product_cat-xrt-4x4-en has-post-thumbnail taxable shipping-taxable product-type-simple\">\n\t<a href=\"https:\/\/mobilicab.com\/en\/produit\/xrt1550\/\" class=\"woocommerce-LoopProduct-link woocommerce-loop-product__link\"><img loading=\"lazy\" decoding=\"async\" width=\"324\" height=\"243\" src=\"https:\/\/mobilicab.com\/wp-content\/uploads\/2018\/06\/XRT1550-324x243.jpg\" class=\"attachment-woocommerce_thumbnail size-woocommerce_thumbnail\" alt=\"XRT1550\" \/><h2 class=\"woocommerce-loop-product__title\">XRT1550<\/h2>\n<\/a><a href=\"https:\/\/mobilicab.com\/en\/produit\/xrt1550\/\" aria-describedby=\"woocommerce_loop_add_to_cart_link_describedby_10065\" data-quantity=\"1\" class=\"button product_type_simple\" data-product_id=\"10065\" data-product_sku=\"11\" aria-label=\"Read more about &ldquo;XRT1550&rdquo;\" rel=\"nofollow\" data-success_message=\"\">Read more<\/a>\t<span id=\"woocommerce_loop_add_to_cart_link_describedby_10065\" class=\"screen-reader-text\">\n\t\t\t<\/span>\n<\/li>\n<li class=\"product type-product post-61698 status-publish last instock product_cat-golf-fleet product_cat-golf-other product_cat-new-carts has-post-thumbnail taxable shipping-taxable product-type-simple\">\n\t<a href=\"https:\/\/mobilicab.com\/en\/produit\/visage-lt\/\" class=\"woocommerce-LoopProduct-link woocommerce-loop-product__link\"><img loading=\"lazy\" decoding=\"async\" width=\"324\" height=\"243\" src=\"https:\/\/mobilicab.com\/wp-content\/uploads\/2021\/05\/Visage-LT-screen-590x410-1-324x243.jpg\" class=\"attachment-woocommerce_thumbnail size-woocommerce_thumbnail\" alt=\"CLUB CAR CONNECT - VISAGE LT\" \/><h2 class=\"woocommerce-loop-product__title\">CLUB CAR CONNECT &#8211; VISAGE LT<\/h2>\n<\/a><a href=\"https:\/\/mobilicab.com\/en\/produit\/visage-lt\/\" aria-describedby=\"woocommerce_loop_add_to_cart_link_describedby_61698\" data-quantity=\"1\" class=\"button product_type_simple\" data-product_id=\"61698\" data-product_sku=\"33-2\" aria-label=\"Read more about &ldquo;CLUB CAR CONNECT - VISAGE LT&rdquo;\" rel=\"nofollow\" data-success_message=\"\">Read more<\/a>\t<span id=\"woocommerce_loop_add_to_cart_link_describedby_61698\" class=\"screen-reader-text\">\n\t\t\t<\/span>\n<\/li>\n<\/ul>\n<\/div>[\/vc_column][\/vc_row]<\/p>\n","protected":false},"excerpt":{"rendered":"<p>Robuste, beau look, et un confort premium pour 4. \u00c9levez votre style de vie avec l&#8217;apparence que vous choisissez.<\/p>\n","protected":false},"featured_media":15476,"template":"","meta":{"_acf_changed":false},"product_brand":[],"product_cat":[426,424,86,78],"product_tag":[],"class_list":{"0":"post-15467","1":"product","2":"type-product","3":"status-publish","4":"has-post-thumbnail","6":"product_cat-4-passagers","7":"product_cat-particuliers","8":"product_cat-transport-personnel","9":"product_cat-voiturettes-neuves","11":"first","12":"instock","13":"taxable","14":"shipping-taxable","15":"product-type-simple"},"acf":[],"_links":{"self":[{"href":"https:\/\/mobilicab.com\/en\/wp-json\/wp\/v2\/product\/15467","targetHints":{"allow":["GET"]}}],"collection":[{"href":"https:\/\/mobilicab.com\/en\/wp-json\/wp\/v2\/product"}],"about":[{"href":"https:\/\/mobilicab.com\/en\/wp-json\/wp\/v2\/types\/product"}],"wp:featuredmedia":[{"embeddable":true,"href":"https:\/\/mobilicab.com\/en\/wp-json\/wp\/v2\/media\/15476"}],"wp:attachment":[{"href":"https:\/\/mobilicab.com\/en\/wp-json\/wp\/v2\/media?parent=15467"}],"wp:term":[{"taxonomy":"product_brand","embeddable":true,"href":"https:\/\/mobilicab.com\/en\/wp-json\/wp\/v2\/product_brand?post=15467"},{"taxonomy":"product_cat","embeddable":true,"href":"https:\/\/mobilicab.com\/en\/wp-json\/wp\/v2\/product_cat?post=15467"},{"taxonomy":"product_tag","embeddable":true,"href":"https:\/\/mobilicab.com\/en\/wp-json\/wp\/v2\/product_tag?post=15467"}],"curies":[{"name":"wp","href":"https:\/\/api.w.org\/{rel}","templated":true}]}}