{"id":61367,"date":"2021-04-21T10:58:35","date_gmt":"2021-04-21T14:58:35","guid":{"rendered":"https:\/\/mobilicab.com\/?post_type=product&#038;p=61367"},"modified":"2021-04-23T09:53:21","modified_gmt":"2021-04-23T13:53:21","slug":"onward-lithium-hp","status":"publish","type":"product","link":"https:\/\/mobilicab.com\/en\/produit\/onward-lithium-hp\/","title":{"rendered":"ONWARD\u00ae LITHIUM-HP"},"content":{"rendered":"<p>[vc_row equal_height=&#8221;yes&#8221; content_placement=&#8221;middle&#8221; css=&#8221;.vc_custom_1547645353825{margin-bottom: 20px !important;}&#8221;][vc_column width=&#8221;1\/3&#8243; css=&#8221;.vc_custom_1547645412548{padding: 60px !important;background-color: #896844 !important;}&#8221; el_class=&#8221;inverse&#8221;][vc_column_text]<\/p>\n<div class=\"title parbase aem-GridColumn aem-GridColumn--default--12\">\n<div>\n<h2 class=\"title left\">INNOVATION<\/h2>\n<\/div>\n<\/div>\n<div class=\"text parbase aem-GridColumn aem-GridColumn--default--12\">\n<p>B\u00e9n\u00e9ficiant d&#8217;une impressionnante batterie au lithium-ion de 3,1 kW heure qui ne n\u00e9cessite aucun entretien et ne pr\u00e9sente aucune d\u00e9gradation des performances en mont\u00e9e ou de l&#8217;acc\u00e9l\u00e9ration sur la dur\u00e9e de vie de la batterie.<\/p>\n<p>Commencez \u00e0 construire le v\u00f4tre aujourd&#8217;hui!<\/p>\n<\/div>\n<p>[\/vc_column_text][vc_btn title=&#8221;Construire sa voiturette&#8221; size=&#8221;lg&#8221; align=&#8221;center&#8221; button_block=&#8221;true&#8221; link=&#8221;url:https%3A%2F%2Fbuild.clubcar.com%2Fbuild%2F4-passenger-lifted%3Fmodel%3D4-passenger-lifted%26_gl%3D1%252A1dqqo5z%252A_ga%252AMTUwMjI4MDQ3My4xNTk1ODYzNDQ1%252A_ga_W1LNP8Q2Z2%252AMTYxODk0NzA3My42LjEuMTYxODk0ODE4OC41NQ..%26_ga%3D2.28815356.1502483595.1618947072-1502280473.1595863445|target:_blank&#8221;][\/vc_column][vc_column width=&#8221;2\/3&#8243;][vc_video link=&#8221;https:\/\/youtu.be\/5s08C7smh2E&#8221;][\/vc_column][\/vc_row][vc_row][vc_column][vc_single_image image=&#8221;61379&#8243; img_size=&#8221;full&#8221; alignment=&#8221;center&#8221;][\/vc_column][\/vc_row][vc_row][vc_column][vc_separator][\/vc_column][\/vc_row][vc_row equal_height=&#8221;yes&#8221; content_placement=&#8221;middle&#8221; css=&#8221;.vc_custom_1547645353825{margin-bottom: 20px !important;}&#8221;][vc_column width=&#8221;1\/2&#8243; css=&#8221;.vc_custom_1619016045914{padding-top: 60px !important;padding-right: 60px !important;padding-bottom: 60px !important;padding-left: 60px !important;}&#8221; el_class=&#8221;inverse&#8221;][vc_single_image image=&#8221;61371&#8243; img_size=&#8221;full&#8221; css=&#8221;.vc_custom_1619017652942{margin-bottom: 0px !important;padding-bottom: 0px !important;}&#8221;][\/vc_column][vc_column width=&#8221;1\/2&#8243;][vc_column_text]<\/p>\n<div class=\"title parbase aem-GridColumn aem-GridColumn--default--12\">\n<div>\n<h2 class=\"title left\" style=\"text-align: center;\">TECHNOLOGIE LITHIUM<\/h2>\n<\/div>\n<\/div>\n<div class=\"text parbase aem-GridColumn aem-GridColumn--default--12\">\n<p style=\"text-align: center;\">Prenez tout ce que vous aimez d\u00e9j\u00e0 chez Onward et ajoutez notre technologie exclusive au lithium-ion et vous obtenez le meilleur v\u00e9hicule de transport personnel \u00e9lectrique de l&#8217;industrie.<\/p>\n<p style=\"text-align: center;\">Votre voiture peut \u00eatre construite selon vos sp\u00e9cifications et pr\u00e9f\u00e9rences avec des options enti\u00e8rement personnalisables, notamment la couleur, les si\u00e8ges, les roues et m\u00eame les modes de conduite pour maximiser les performances.<\/p>\n<\/div>\n<p>[\/vc_column_text][\/vc_column][\/vc_row][vc_row][vc_column][vc_separator][\/vc_column][\/vc_row][vc_row][vc_column width=&#8221;1\/2&#8243;][vc_column_text]<\/p>\n<div class=\"title parbase aem-GridColumn aem-GridColumn--default--12\">\n<div>\n<h2 class=\"title left\" style=\"text-align: center;\">BATTERIE SANS ENTRETIEN<\/h2>\n<\/div>\n<\/div>\n<div class=\"text parbase aem-GridColumn aem-GridColumn--default--12\">\n<p style=\"text-align: center;\">Le syst\u00e8me de batterie ne n\u00e9cessite aucun entretien pendant toute la dur\u00e9e de vie de la batterie. Fini le remplissage de la batterie ou le nettoyage des bornes! Notre syst\u00e8me de gestion de batterie \u00e0 la pointe de la technologie surveille la sant\u00e9, les niveaux de charge et l&#8217;\u00e9tat de la batterie pour mieux prot\u00e9ger et prolonger les performances du v\u00e9hicule.<\/p>\n<\/div>\n<p>[\/vc_column_text][\/vc_column][vc_column width=&#8221;1\/2&#8243;][vc_single_image image=&#8221;61373&#8243; img_size=&#8221;full&#8221; css=&#8221;.vc_custom_1619017799628{margin-bottom: 0px !important;padding-bottom: 0px !important;}&#8221;][\/vc_column][\/vc_row][vc_row][vc_column][vc_separator][\/vc_column][\/vc_row][vc_row][vc_column width=&#8221;1\/2&#8243;][vc_single_image image=&#8221;61375&#8243; img_size=&#8221;full&#8221; css=&#8221;.vc_custom_1619017939746{margin-bottom: 0px !important;padding-bottom: 0px !important;}&#8221;][\/vc_column][vc_column width=&#8221;1\/2&#8243;][vc_column_text]<\/p>\n<div class=\"title parbase aem-GridColumn aem-GridColumn--default--12\">\n<div>\n<h2 class=\"title left\" style=\"text-align: center;\">MEILLEURE PERFORMANCE DE SA CAT\u00c9GORIE<\/h2>\n<\/div>\n<\/div>\n<div class=\"text parbase aem-GridColumn aem-GridColumn--default--12\">\n<p style=\"text-align: center;\">Le moteur de 4,7 ch et le contr\u00f4leur de 375 A offrent une puissance et une acc\u00e9l\u00e9ration exceptionnelles en mont\u00e9e. Le HP Lion Onward ne perdra pas son acc\u00e9l\u00e9ration lors de la mont\u00e9e des collines. Aucun autre v\u00e9hicule de l&#8217;industrie ne peut rivaliser!<\/p>\n<\/div>\n<p>[\/vc_column_text][\/vc_column][\/vc_row][vc_row][vc_column][vc_separator][\/vc_column][\/vc_row][vc_row][vc_column width=&#8221;1\/2&#8243;][vc_column_text]<\/p>\n<div class=\"title parbase aem-GridColumn aem-GridColumn--default--12\">\n<div>\n<h2 class=\"title left\" style=\"text-align: center;\">3 MODES DE CONDUITE<\/h2>\n<\/div>\n<\/div>\n<div class=\"text parbase aem-GridColumn aem-GridColumn--default--12\" style=\"text-align: center;\">\n<p>Choisissez parmi trois modes de conduite programmables au moment de l&#8217;achat. Choisissez le modes \u00e9conomique, normal ou sportif pour maximiser les caract\u00e9ristiques de performance qui sont importantes pour vous.<\/p>\n<\/div>\n<p>[\/vc_column_text][\/vc_column][vc_column width=&#8221;1\/2&#8243;][vc_single_image image=&#8221;61377&#8243; img_size=&#8221;full&#8221; css=&#8221;.vc_custom_1619018132242{margin-bottom: 0px !important;padding-bottom: 0px !important;}&#8221;][\/vc_column][\/vc_row][vc_row][vc_column][vc_separator][\/vc_column][\/vc_row][vc_row][vc_column][vc_single_image image=&#8221;61353&#8243; img_size=&#8221;full&#8221; alignment=&#8221;center&#8221;][vc_column_text]<\/p>\n<h3 style=\"text-align: center;\"><a href=\"https:\/\/www.clubcar.com\/fr-ca\/club-car-accessories\/personal-golf-cart-accessories\">Voir plus d&#8217;options<\/a><\/h3>\n<p>[\/vc_column_text][\/vc_column][\/vc_row][vc_row][vc_column][vc_single_image image=&#8221;61357&#8243; img_size=&#8221;full&#8221; alignment=&#8221;center&#8221;][\/vc_column][\/vc_row][vc_row css=&#8221;.vc_custom_1547646749679{padding-top: 40px !important;padding-bottom: 40px !important;}&#8221;][vc_column][vc_column_text]<\/p>\n<h2 style=\"text-align: center;\">Autres voiturettes neuves<\/h2>\n<p>[\/vc_column_text]<div class=\"woocommerce columns-4 \"><ul class=\"products columns-4\">\n<li class=\"product type-product post-10051 status-publish first instock product_cat-new-carts product_cat-personal-transport has-post-thumbnail taxable shipping-taxable product-type-simple\">\n\t<a href=\"https:\/\/mobilicab.com\/en\/produit\/carryall-710-lsv\/\" class=\"woocommerce-LoopProduct-link woocommerce-loop-product__link\"><img loading=\"lazy\" decoding=\"async\" width=\"324\" height=\"243\" src=\"https:\/\/mobilicab.com\/wp-content\/uploads\/2018\/06\/CARRYALL-710-LSV-324x243.jpg\" class=\"attachment-woocommerce_thumbnail size-woocommerce_thumbnail\" alt=\"CARRYALL 710 LSV\" \/><h2 class=\"woocommerce-loop-product__title\">CARRYALL 710 LSV<\/h2>\n<\/a><a href=\"https:\/\/mobilicab.com\/en\/produit\/carryall-710-lsv\/\" aria-describedby=\"woocommerce_loop_add_to_cart_link_describedby_10051\" data-quantity=\"1\" class=\"button product_type_simple\" data-product_id=\"10051\" data-product_sku=\"19\" aria-label=\"Read more about &ldquo;CARRYALL 710 LSV&rdquo;\" rel=\"nofollow\" data-success_message=\"\">Read more<\/a>\t<span id=\"woocommerce_loop_add_to_cart_link_describedby_10051\" class=\"screen-reader-text\">\n\t\t\t<\/span>\n<\/li>\n<li class=\"product type-product post-14773 status-publish instock product_cat-4-passengers product_cat-new-carts product_cat-personal-transport has-post-thumbnail taxable shipping-taxable product-type-simple\">\n\t<a href=\"https:\/\/mobilicab.com\/en\/produit\/onward-matte-black\/\" class=\"woocommerce-LoopProduct-link woocommerce-loop-product__link\"><img loading=\"lazy\" decoding=\"async\" width=\"324\" height=\"243\" src=\"https:\/\/mobilicab.com\/wp-content\/uploads\/2019\/02\/Onward-Matteblack-4-324x243.jpg\" class=\"attachment-woocommerce_thumbnail size-woocommerce_thumbnail\" alt=\"ONWARD\u00ae MATTE BLACK\" \/><h2 class=\"woocommerce-loop-product__title\">ONWARD\u00ae MATTE BLACK<\/h2>\n<\/a><a href=\"https:\/\/mobilicab.com\/en\/produit\/onward-matte-black\/\" aria-describedby=\"woocommerce_loop_add_to_cart_link_describedby_14773\" data-quantity=\"1\" class=\"button product_type_simple\" data-product_id=\"14773\" data-product_sku=\"1-1-2\" aria-label=\"Read more about &ldquo;ONWARD\u00ae MATTE BLACK&rdquo;\" rel=\"nofollow\" data-success_message=\"\">Read more<\/a>\t<span id=\"woocommerce_loop_add_to_cart_link_describedby_14773\" class=\"screen-reader-text\">\n\t\t\t<\/span>\n<\/li>\n<li class=\"product type-product post-10091 status-publish instock product_cat-new-carts has-post-thumbnail taxable shipping-taxable product-type-simple\">\n\t<a href=\"https:\/\/mobilicab.com\/en\/produit\/carryall-100\/\" class=\"woocommerce-LoopProduct-link woocommerce-loop-product__link\"><img loading=\"lazy\" decoding=\"async\" width=\"324\" height=\"211\" src=\"https:\/\/mobilicab.com\/wp-content\/uploads\/2018\/06\/Carryall100-324x211.png\" class=\"attachment-woocommerce_thumbnail size-woocommerce_thumbnail\" alt=\"CARRYALL 100\" \/><h2 class=\"woocommerce-loop-product__title\">CARRYALL 100<\/h2>\n<\/a><a href=\"https:\/\/mobilicab.com\/en\/produit\/carryall-100\/\" aria-describedby=\"woocommerce_loop_add_to_cart_link_describedby_10091\" data-quantity=\"1\" class=\"button product_type_simple\" data-product_id=\"10091\" data-product_sku=\"22\" aria-label=\"Read more about &ldquo;CARRYALL 100&rdquo;\" rel=\"nofollow\" data-success_message=\"\">Read more<\/a>\t<span id=\"woocommerce_loop_add_to_cart_link_describedby_10091\" class=\"screen-reader-text\">\n\t\t\t<\/span>\n<\/li>\n<li class=\"product type-product post-10061 status-publish last instock product_cat-4x2-en product_cat-new-carts product_cat-utility-4x2 product_cat-utility-and-commercial product_cat-xrt-4x2-en has-post-thumbnail taxable shipping-taxable product-type-simple\">\n\t<a href=\"https:\/\/mobilicab.com\/en\/produit\/xrt800\/\" class=\"woocommerce-LoopProduct-link woocommerce-loop-product__link\"><img loading=\"lazy\" decoding=\"async\" width=\"324\" height=\"243\" src=\"https:\/\/mobilicab.com\/wp-content\/uploads\/2018\/06\/XRT800-324x243.jpg\" class=\"attachment-woocommerce_thumbnail size-woocommerce_thumbnail\" alt=\"XRT800\" \/><h2 class=\"woocommerce-loop-product__title\">XRT800<\/h2>\n<\/a><a href=\"https:\/\/mobilicab.com\/en\/produit\/xrt800\/\" aria-describedby=\"woocommerce_loop_add_to_cart_link_describedby_10061\" data-quantity=\"1\" class=\"button product_type_simple\" data-product_id=\"10061\" data-product_sku=\"10\" aria-label=\"Read more about &ldquo;XRT800&rdquo;\" rel=\"nofollow\" data-success_message=\"\">Read more<\/a>\t<span id=\"woocommerce_loop_add_to_cart_link_describedby_10061\" class=\"screen-reader-text\">\n\t\t\t<\/span>\n<\/li>\n<\/ul>\n<\/div>[\/vc_column][\/vc_row]<\/p>\n","protected":false},"excerpt":{"rendered":"<p>Style. Confort. Performance. Tout ce qui manque est votre touche personnalis\u00e9e pour en faire la voiturette parfaite.<\/p>\n","protected":false},"featured_media":61381,"template":"","meta":{"_acf_changed":false},"product_brand":[],"product_cat":[426,424,86,78],"product_tag":[],"class_list":{"0":"post-61367","1":"product","2":"type-product","3":"status-publish","4":"has-post-thumbnail","6":"product_cat-4-passagers","7":"product_cat-particuliers","8":"product_cat-transport-personnel","9":"product_cat-voiturettes-neuves","11":"first","12":"instock","13":"taxable","14":"shipping-taxable","15":"product-type-simple"},"acf":[],"_links":{"self":[{"href":"https:\/\/mobilicab.com\/en\/wp-json\/wp\/v2\/product\/61367","targetHints":{"allow":["GET"]}}],"collection":[{"href":"https:\/\/mobilicab.com\/en\/wp-json\/wp\/v2\/product"}],"about":[{"href":"https:\/\/mobilicab.com\/en\/wp-json\/wp\/v2\/types\/product"}],"wp:featuredmedia":[{"embeddable":true,"href":"https:\/\/mobilicab.com\/en\/wp-json\/wp\/v2\/media\/61381"}],"wp:attachment":[{"href":"https:\/\/mobilicab.com\/en\/wp-json\/wp\/v2\/media?parent=61367"}],"wp:term":[{"taxonomy":"product_brand","embeddable":true,"href":"https:\/\/mobilicab.com\/en\/wp-json\/wp\/v2\/product_brand?post=61367"},{"taxonomy":"product_cat","embeddable":true,"href":"https:\/\/mobilicab.com\/en\/wp-json\/wp\/v2\/product_cat?post=61367"},{"taxonomy":"product_tag","embeddable":true,"href":"https:\/\/mobilicab.com\/en\/wp-json\/wp\/v2\/product_tag?post=61367"}],"curies":[{"name":"wp","href":"https:\/\/api.w.org\/{rel}","templated":true}]}}