{"id":61736,"date":"2021-05-13T12:35:13","date_gmt":"2021-05-13T16:35:13","guid":{"rendered":"https:\/\/mobilicab.com\/?post_type=product&#038;p=61736"},"modified":"2021-05-13T13:03:50","modified_gmt":"2021-05-13T17:03:50","slug":"onward-connect","status":"publish","type":"product","link":"https:\/\/mobilicab.com\/en\/produit\/onward-connect\/","title":{"rendered":"ONWARD\u00ae CONNECT"},"content":{"rendered":"<p>[vc_row][vc_column][vc_single_image image=&#8221;61738&#8243; img_size=&#8221;full&#8221; alignment=&#8221;center&#8221;][\/vc_column][\/vc_row][vc_row][vc_column][vc_column_text]<\/p>\n<div class=\"component rich-text col-12\">\n<div class=\"component-content\">\n<h1 class=\"title center\" style=\"text-align: center;\">CLUB CAR CONNECT<\/h1>\n<\/div>\n<\/div>\n<div class=\"component rich-text col-12\">\n<div class=\"component-content\">\n<p style=\"text-align: center;\"><i>pour les v\u00e9hicules Onward<\/i><\/p>\n<p style=\"text-align: center;\">Conduisez votre voiturette de golf personnalis\u00e9e, sur le Camping avec Club Car Connect. L&#8217;\u00e9cran Connect am\u00e9liore votre exp\u00e9rience de conduite en r\u00e9duisant l&#8217;anxi\u00e9t\u00e9 li\u00e9e \u00e0 la <strong>distance d&#8217;autonomie restante<\/strong> et en <strong>indiquant l&#8217;\u00e9tat de votre batterie<\/strong>. \u00c9coutez votre playlist gr\u00e2ce aux <strong>haut-parleurs Bluetooth<\/strong>\u00ae du Connect.<\/p>\n<\/div>\n<\/div>\n<p>[\/vc_column_text][\/vc_column][\/vc_row][vc_row][vc_column][vc_separator][\/vc_column][\/vc_row][vc_row][vc_column][vc_column_text]<\/p>\n<div class=\"component rich-text col-12\">\n<div class=\"component-content\">\n<h1 class=\"title center\" style=\"text-align: center;\">LES CARACT\u00c9RISTIQUES DES V\u00c9HICULES CONNECT\u00c9S<\/h1>\n<\/div>\n<\/div>\n<div class=\"component rich-text col-12\">\n<div class=\"component-content\">\n<p style=\"text-align: center;\">\n<\/div>\n<\/div>\n<p>[\/vc_column_text][\/vc_column][\/vc_row][vc_row][vc_column][vc_empty_space height=&#8221;48px&#8221;][\/vc_column][\/vc_row][vc_row equal_height=&#8221;yes&#8221; content_placement=&#8221;middle&#8221; css=&#8221;.vc_custom_1547645353825{margin-bottom: 20px !important;}&#8221;][vc_column width=&#8221;1\/2&#8243; css=&#8221;.vc_custom_1619016045914{padding-top: 60px !important;padding-right: 60px !important;padding-bottom: 60px !important;padding-left: 60px !important;}&#8221; el_class=&#8221;inverse&#8221;][vc_single_image image=&#8221;61740&#8243; img_size=&#8221;full&#8221; css=&#8221;.vc_custom_1620924958655{margin-bottom: 0px !important;padding-bottom: 0px !important;}&#8221;][\/vc_column][vc_column width=&#8221;1\/2&#8243;][vc_column_text]<\/p>\n<div class=\"title parbase aem-GridColumn aem-GridColumn--default--12\">\n<div>\n<h2 class=\"title left\" style=\"text-align: center;\">DIAGNOSTIQUE<\/h2>\n<\/div>\n<\/div>\n<div class=\"text parbase aem-GridColumn aem-GridColumn--default--12\">\n<p style=\"text-align: center;\">Plus besoin de se soucier de la distance parcourue ou de l&#8217;autonomie de la batterie. Club Car Connect affiche l&#8217;\u00e9tat de la batterie, la vitesse et la distance parcourue. Les alertes moteur et les modes de conduite offrent une exp\u00e9rience de conduite semblable \u00e0 celle de votre voiture personnelle.<\/p>\n<\/div>\n<p>[\/vc_column_text][\/vc_column][\/vc_row][vc_row][vc_column][vc_separator][\/vc_column][\/vc_row][vc_row][vc_column width=&#8221;1\/2&#8243;][vc_column_text]<\/p>\n<div class=\"title parbase aem-GridColumn aem-GridColumn--default--12\">\n<h2 class=\"title left\" style=\"text-align: center;\">OUTILS ET ACCESSOIRES INT\u00c9GR\u00c9S<\/h2>\n<\/div>\n<div class=\"text parbase aem-GridColumn aem-GridColumn--default--12\">\n<p style=\"text-align: center;\">D\u00e9lestez-vous des accessoires portatifs comme les\u00a0<strong>t\u00e9l\u00e9m\u00e8tres<\/strong>, Club Car Connect communique le placement pr\u00e9cis des drapeaux, afin que vous puissiez mesurer la distance et la port\u00e9e \u00e0 partir de votre v\u00e9hicule. Gr\u00e2ce aux\u00a0<strong>haut-parleurs Bluetooth<\/strong>, vous pouvez \u00e9coutez votre propre musique, partout o\u00f9 votre voiturette vous m\u00e8ne.<\/p>\n<\/div>\n<p>[\/vc_column_text][\/vc_column][vc_column width=&#8221;1\/2&#8243;][vc_single_image image=&#8221;61742&#8243; img_size=&#8221;full&#8221; css=&#8221;.vc_custom_1620925112096{margin-bottom: 0px !important;padding-bottom: 0px !important;}&#8221;][\/vc_column][\/vc_row][vc_row][vc_column][vc_empty_space][\/vc_column][\/vc_row][vc_row][vc_column][vc_separator][\/vc_column][\/vc_row][vc_row][vc_column][vc_single_image image=&#8221;61744&#8243; img_size=&#8221;full&#8221; alignment=&#8221;center&#8221;][\/vc_column][\/vc_row][vc_row][vc_column][vc_empty_space][\/vc_column][\/vc_row][vc_row][vc_column][vc_single_image image=&#8221;61353&#8243; img_size=&#8221;full&#8221; alignment=&#8221;center&#8221;][vc_column_text]<\/p>\n<h3 style=\"text-align: center;\"><a href=\"https:\/\/www.clubcar.com\/fr-ca\/club-car-accessories\/personal-golf-cart-accessories\">Voir plus d&#8217;options<\/a><\/h3>\n<p>[\/vc_column_text][\/vc_column][\/vc_row][vc_row][vc_column][vc_empty_space][\/vc_column][\/vc_row][vc_row][vc_column][vc_single_image image=&#8221;61357&#8243; img_size=&#8221;full&#8221; alignment=&#8221;center&#8221;][\/vc_column][\/vc_row][vc_row css=&#8221;.vc_custom_1547646749679{padding-top: 40px !important;padding-bottom: 40px !important;}&#8221;][vc_column][vc_column_text]<\/p>\n<h2 style=\"text-align: center;\">Autres voiturettes neuves<\/h2>\n<p>[\/vc_column_text]<div class=\"woocommerce columns-4 \"><ul class=\"products columns-4\">\n<li class=\"product type-product post-10082 status-publish first instock product_cat-golf-other product_cat-new-carts has-post-thumbnail taxable shipping-taxable product-type-simple\">\n\t<a href=\"https:\/\/mobilicab.com\/en\/produit\/cafe-express\/\" class=\"woocommerce-LoopProduct-link woocommerce-loop-product__link\"><img loading=\"lazy\" decoding=\"async\" width=\"324\" height=\"243\" src=\"https:\/\/mobilicab.com\/wp-content\/uploads\/2018\/06\/Cafe_Express-2-324x243.jpg\" class=\"attachment-woocommerce_thumbnail size-woocommerce_thumbnail\" alt=\"CAFE EXPRESS\" \/><h2 class=\"woocommerce-loop-product__title\">CAFE EXPRESS<\/h2>\n<\/a><a href=\"https:\/\/mobilicab.com\/en\/produit\/cafe-express\/\" aria-describedby=\"woocommerce_loop_add_to_cart_link_describedby_10082\" data-quantity=\"1\" class=\"button product_type_simple\" data-product_id=\"10082\" data-product_sku=\"42\" aria-label=\"Read more about &ldquo;CAFE EXPRESS&rdquo;\" rel=\"nofollow\" data-success_message=\"\">Read more<\/a>\t<span id=\"woocommerce_loop_add_to_cart_link_describedby_10082\" class=\"screen-reader-text\">\n\t\t\t<\/span>\n<\/li>\n<li class=\"product type-product post-10058 status-publish instock product_cat-4-passengers product_cat-new-carts product_cat-personal-transport product_cat-personnal has-post-thumbnail taxable shipping-taxable product-type-simple\">\n\t<a href=\"https:\/\/mobilicab.com\/en\/produit\/onward-lifted-4-passagers\/\" class=\"woocommerce-LoopProduct-link woocommerce-loop-product__link\"><img loading=\"lazy\" decoding=\"async\" width=\"324\" height=\"243\" src=\"https:\/\/mobilicab.com\/wp-content\/uploads\/2018\/06\/ONWARD\u00ae-LIFTED-4-PASSENGER-324x243.jpg\" class=\"attachment-woocommerce_thumbnail size-woocommerce_thumbnail\" alt=\"ONWARD\u00ae LIFTED 4 PASSAGERS\" \/><h2 class=\"woocommerce-loop-product__title\">ONWARD\u00ae LIFTED 4 PASSAGERS<\/h2>\n<\/a><a href=\"https:\/\/mobilicab.com\/en\/produit\/onward-lifted-4-passagers\/\" aria-describedby=\"woocommerce_loop_add_to_cart_link_describedby_10058\" data-quantity=\"1\" class=\"button product_type_simple\" data-product_id=\"10058\" data-product_sku=\"3\" aria-label=\"Read more about &ldquo;ONWARD\u00ae LIFTED 4 PASSAGERS&rdquo;\" rel=\"nofollow\" data-success_message=\"\">Read more<\/a>\t<span id=\"woocommerce_loop_add_to_cart_link_describedby_10058\" class=\"screen-reader-text\">\n\t\t\t<\/span>\n<\/li>\n<li class=\"product type-product post-10060 status-publish instock product_cat-4-passengers product_cat-new-carts product_cat-personal-transport has-post-thumbnail taxable shipping-taxable product-type-simple\">\n\t<a href=\"https:\/\/mobilicab.com\/en\/produit\/onward-4-passagers\/\" class=\"woocommerce-LoopProduct-link woocommerce-loop-product__link\"><img loading=\"lazy\" decoding=\"async\" width=\"324\" height=\"243\" src=\"https:\/\/mobilicab.com\/wp-content\/uploads\/2018\/06\/ONWARD\u00ae-4-PASSENGER-324x243.jpg\" class=\"attachment-woocommerce_thumbnail size-woocommerce_thumbnail\" alt=\"ONWARD\u00ae 4 PASSAGERS\" \/><h2 class=\"woocommerce-loop-product__title\">ONWARD\u00ae 4 PASSAGERS<\/h2>\n<\/a><a href=\"https:\/\/mobilicab.com\/en\/produit\/onward-4-passagers\/\" aria-describedby=\"woocommerce_loop_add_to_cart_link_describedby_10060\" data-quantity=\"1\" class=\"button product_type_simple\" data-product_id=\"10060\" data-product_sku=\"1\" aria-label=\"Read more about &ldquo;ONWARD\u00ae 4 PASSAGERS&rdquo;\" rel=\"nofollow\" data-success_message=\"\">Read more<\/a>\t<span id=\"woocommerce_loop_add_to_cart_link_describedby_10060\" class=\"screen-reader-text\">\n\t\t\t<\/span>\n<\/li>\n<li class=\"product type-product post-10086 status-publish last instock product_cat-new-carts has-post-thumbnail taxable shipping-taxable product-type-simple\">\n\t<a href=\"https:\/\/mobilicab.com\/en\/produit\/carryall-1500-2wd\/\" class=\"woocommerce-LoopProduct-link woocommerce-loop-product__link\"><img loading=\"lazy\" decoding=\"async\" width=\"324\" height=\"243\" src=\"https:\/\/mobilicab.com\/wp-content\/uploads\/2018\/06\/CARRYALL-1500-2WD-1-324x243.jpg\" class=\"attachment-woocommerce_thumbnail size-woocommerce_thumbnail\" alt=\"CARRYALL 1500 2WD\" \/><h2 class=\"woocommerce-loop-product__title\">CARRYALL 1500 2WD<\/h2>\n<\/a><a href=\"https:\/\/mobilicab.com\/en\/produit\/carryall-1500-2wd\/\" aria-describedby=\"woocommerce_loop_add_to_cart_link_describedby_10086\" data-quantity=\"1\" class=\"button product_type_simple\" data-product_id=\"10086\" data-product_sku=\"27\" aria-label=\"Read more about &ldquo;CARRYALL 1500 2WD&rdquo;\" rel=\"nofollow\" data-success_message=\"\">Read more<\/a>\t<span id=\"woocommerce_loop_add_to_cart_link_describedby_10086\" class=\"screen-reader-text\">\n\t\t\t<\/span>\n<\/li>\n<\/ul>\n<\/div>[\/vc_column][\/vc_row]<\/p>\n","protected":false},"excerpt":{"rendered":"<p>Style. Confort. Performance. Tout ce qui manque est votre touche personnalis\u00e9e pour en faire la voiturette parfaite.<\/p>\n","protected":false},"featured_media":61738,"template":"","meta":{"_acf_changed":false},"product_brand":[],"product_cat":[425,426,424,86,82,78],"product_tag":[],"class_list":{"0":"post-61736","1":"product","2":"type-product","3":"status-publish","4":"has-post-thumbnail","6":"product_cat-2-passagers","7":"product_cat-4-passagers","8":"product_cat-particuliers","9":"product_cat-transport-personnel","10":"product_cat-vehicules-electriques","11":"product_cat-voiturettes-neuves","13":"first","14":"instock","15":"taxable","16":"shipping-taxable","17":"product-type-simple"},"acf":[],"_links":{"self":[{"href":"https:\/\/mobilicab.com\/en\/wp-json\/wp\/v2\/product\/61736","targetHints":{"allow":["GET"]}}],"collection":[{"href":"https:\/\/mobilicab.com\/en\/wp-json\/wp\/v2\/product"}],"about":[{"href":"https:\/\/mobilicab.com\/en\/wp-json\/wp\/v2\/types\/product"}],"wp:featuredmedia":[{"embeddable":true,"href":"https:\/\/mobilicab.com\/en\/wp-json\/wp\/v2\/media\/61738"}],"wp:attachment":[{"href":"https:\/\/mobilicab.com\/en\/wp-json\/wp\/v2\/media?parent=61736"}],"wp:term":[{"taxonomy":"product_brand","embeddable":true,"href":"https:\/\/mobilicab.com\/en\/wp-json\/wp\/v2\/product_brand?post=61736"},{"taxonomy":"product_cat","embeddable":true,"href":"https:\/\/mobilicab.com\/en\/wp-json\/wp\/v2\/product_cat?post=61736"},{"taxonomy":"product_tag","embeddable":true,"href":"https:\/\/mobilicab.com\/en\/wp-json\/wp\/v2\/product_tag?post=61736"}],"curies":[{"name":"wp","href":"https:\/\/api.w.org\/{rel}","templated":true}]}}