{"id":62284,"date":"2021-08-18T16:03:07","date_gmt":"2021-08-18T20:03:07","guid":{"rendered":"https:\/\/mobilicab.com\/?post_type=product&#038;p=62284"},"modified":"2026-03-04T16:20:09","modified_gmt":"2026-03-04T21:20:09","slug":"brochure-golf","status":"publish","type":"product","link":"https:\/\/mobilicab.com\/en\/produit\/brochure-golf\/","title":{"rendered":"FICHIER PDF &#8211; GOLF"},"content":{"rendered":"<p>[vc_row][vc_column width=&#8221;1\/3&#8243;][vc_column_text]<\/p>\n<h3 style=\"text-align: center;\">TEMPO<\/h3>\n<p>[\/vc_column_text][vc_btn title=&#8221;Fichier PDF&#8221; color=&#8221;orange&#8221; align=&#8221;center&#8221; link=&#8221;url:https%3A%2F%2Fmobilicab.com%2Fwp-content%2Fuploads%2F2021%2F11%2FEN-GLF0003-US-Tempo-Tempo-4Fun-Brochure-LR.pdf|title:Brochure%20Tempo|target:_blank&#8221;][vc_single_image image=&#8221;62471&#8243; img_size=&#8221;full&#8221; alignment=&#8221;center&#8221;][\/vc_column][vc_column width=&#8221;1\/3&#8243;][vc_column_text]<\/p>\n<h3 style=\"text-align: center;\">VOITURETTES UTILITAIRES<\/h3>\n<p>[\/vc_column_text][vc_btn title=&#8221;Fichier PDF&#8221; color=&#8221;orange&#8221; align=&#8221;center&#8221; link=&#8221;url:https%3A%2F%2Fmobilicab.com%2Fwp-content%2Fuploads%2F2021%2F09%2FGLF00039-Turf-Brochure-LR.pdf%20|title:Brochure%20voiturettes%20utilitaires%20Golf|target:_blank&#8221;][vc_single_image image=&#8221;62473&#8243; img_size=&#8221;full&#8221; alignment=&#8221;center&#8221;][\/vc_column][vc_column width=&#8221;1\/3&#8243;][vc_column_text]<\/p>\n<h3 style=\"text-align: center;\">TEMPO WALK<\/h3>\n<p>[\/vc_column_text][vc_btn title=&#8221;Fichier PDF&#8221; color=&#8221;orange&#8221; align=&#8221;center&#8221; link=&#8221;url:https%3A%2F%2Fmobilicab.com%2Fwp-content%2Fuploads%2F2021%2F09%2FGLF0022-Tempo-Walk-Sell-Sheet-LR.pdf|title:Brochure%20Tempo%20Walk|target:_blank&#8221;][vc_single_image image=&#8221;62475&#8243; img_size=&#8221;full&#8221; alignment=&#8221;center&#8221;][\/vc_column][\/vc_row][vc_row][vc_column width=&#8221;1\/3&#8243;][vc_column_text]<\/p>\n<h3 style=\"text-align: center;\">CLUB CAR CONNECT<\/h3>\n<p>[\/vc_column_text][vc_btn title=&#8221;Fichier PDF&#8221; color=&#8221;orange&#8221; align=&#8221;center&#8221; link=&#8221;url:https%3A%2F%2Fmobilicab.com%2Fwp-content%2Fuploads%2F2021%2F09%2F2021-GLF0002-Connectivity-Brochure-LR.pdf|title:Brochure%20Club%20Car%20Connect|target:_blank&#8221;][vc_single_image image=&#8221;61683&#8243; img_size=&#8221;full&#8221; alignment=&#8221;center&#8221;][\/vc_column][vc_column width=&#8221;1\/3&#8243;][vc_column_text]<\/p>\n<h3 style=\"text-align: center;\">CARRYALL 502<\/h3>\n<p>[\/vc_column_text][vc_btn title=&#8221;Fichier PDF&#8221; color=&#8221;orange&#8221; align=&#8221;center&#8221; link=&#8221;url:https%3A%2F%2Fmobilicab.com%2Fwp-content%2Fuploads%2F2021%2F09%2FEN-COMM0070-US-Carryall-502-Brochure-LR.pdf|title:Brochure%20Carryall%20502|target:_blank&#8221;][vc_single_image image=&#8221;40586&#8243; img_size=&#8221;full&#8221; alignment=&#8221;center&#8221;][\/vc_column][vc_column width=&#8221;1\/3&#8243;][vc_column_text]<\/p>\n<h3 style=\"text-align: center;\">RANGE PICKER<\/h3>\n<p>[\/vc_column_text][vc_btn title=&#8221;Fichier PDF&#8221; color=&#8221;orange&#8221; align=&#8221;center&#8221; link=&#8221;url:https%3A%2F%2Fmobilicab.com%2Fwp-content%2Fuploads%2F2021%2F09%2FGLF00004-RangePicker-Brochure-LR.pdf%20|title:Brochure%20Range%20Picker|target:_blank&#8221;][vc_single_image image=&#8221;62483&#8243; img_size=&#8221;full&#8221; alignment=&#8221;center&#8221;][\/vc_column][\/vc_row][vc_row][vc_column width=&#8221;1\/3&#8243;][vc_column_text]<\/p>\n<h3 style=\"text-align: center;\">CAFE EXPRESS<\/h3>\n<p>[\/vc_column_text][vc_btn title=&#8221;Fichier PDF&#8221; color=&#8221;orange&#8221; align=&#8221;center&#8221; link=&#8221;url:https%3A%2F%2Fmobilicab.com%2Fwp-content%2Fuploads%2F2021%2F09%2FGLF0005-Cafe-Express-Brochure-LR.pdf|title:Brochure%20Cafe%20Express|target:_blank&#8221;][vc_single_image image=&#8221;62491&#8243; img_size=&#8221;full&#8221; alignment=&#8221;center&#8221;][\/vc_column][vc_column width=&#8221;1\/3&#8243;][vc_column_text]<\/p>\n<h3 style=\"text-align: center;\">TEMPO LITHIUM<\/h3>\n<p>[\/vc_column_text][vc_btn title=&#8221;Fichier PDF&#8221; color=&#8221;orange&#8221; align=&#8221;center&#8221; link=&#8221;url:https%3A%2F%2Fmobilicab.com%2Fwp-content%2Fuploads%2F2021%2F09%2FEN_GLF0048_US-Tempo-LI-Brochure-LR-1.pdf|title:Brochure%20Tempo%20Lithium|target:_blank&#8221;][vc_single_image image=&#8221;62493&#8243; img_size=&#8221;full&#8221; alignment=&#8221;center&#8221;][\/vc_column][vc_column width=&#8221;1\/3&#8243;][vc_column_text]<\/p>\n<h3 style=\"text-align: center;\">PRECEDENT<\/h3>\n<p>[\/vc_column_text][vc_btn title=&#8221;Fichier PDF&#8221; color=&#8221;orange&#8221; align=&#8221;center&#8221; link=&#8221;url:https%3A%2F%2Fmobilicab.com%2Fwp-content%2Fuploads%2F2021%2F09%2FGLF00027-Precedent-Brochure-LR.pdf|title:Brochure%20Precedent|target:_blank&#8221;][vc_single_image image=&#8221;62495&#8243; img_size=&#8221;full&#8221; alignment=&#8221;center&#8221;][\/vc_column][\/vc_row]<\/p>\n","protected":false},"excerpt":{"rendered":"<p>Contr\u00f4lez les co\u00fbts et am\u00e9liorez l&#8217;exp\u00e9rience sur le parcours.<\/p>\n","protected":false},"featured_media":0,"template":"","meta":{"_acf_changed":false},"product_brand":[],"product_cat":[505,78],"product_tag":[],"class_list":{"0":"post-62284","1":"product","2":"type-product","3":"status-publish","5":"product_cat-brochures","6":"product_cat-voiturettes-neuves","8":"first","9":"instock","10":"taxable","11":"shipping-taxable","12":"product-type-simple"},"acf":[],"_links":{"self":[{"href":"https:\/\/mobilicab.com\/en\/wp-json\/wp\/v2\/product\/62284","targetHints":{"allow":["GET"]}}],"collection":[{"href":"https:\/\/mobilicab.com\/en\/wp-json\/wp\/v2\/product"}],"about":[{"href":"https:\/\/mobilicab.com\/en\/wp-json\/wp\/v2\/types\/product"}],"wp:attachment":[{"href":"https:\/\/mobilicab.com\/en\/wp-json\/wp\/v2\/media?parent=62284"}],"wp:term":[{"taxonomy":"product_brand","embeddable":true,"href":"https:\/\/mobilicab.com\/en\/wp-json\/wp\/v2\/product_brand?post=62284"},{"taxonomy":"product_cat","embeddable":true,"href":"https:\/\/mobilicab.com\/en\/wp-json\/wp\/v2\/product_cat?post=62284"},{"taxonomy":"product_tag","embeddable":true,"href":"https:\/\/mobilicab.com\/en\/wp-json\/wp\/v2\/product_tag?post=62284"}],"curies":[{"name":"wp","href":"https:\/\/api.w.org\/{rel}","templated":true}]}}