{"id":63416,"date":"2019-02-06T20:14:22","date_gmt":"2019-02-06T20:14:22","guid":{"rendered":"https:\/\/mobilicab.com\/produit\/carryall-300-2\/"},"modified":"2026-03-06T15:22:55","modified_gmt":"2026-03-06T20:22:55","slug":"carryall-300-2","status":"publish","type":"product","link":"https:\/\/mobilicab.com\/en\/produit\/carryall-300-2\/","title":{"rendered":"CARRYALL 300"},"content":{"rendered":"<p>[vc_row equal_height=&#8221;yes&#8221; content_placement=&#8221;middle&#8221; css=&#8221;.vc_custom_1547645353825{margin-bottom: 20px !important;}&#8221;][vc_column css=&#8221;.vc_custom_1772826603742{padding-top: 60px !important;padding-right: 60px !important;padding-bottom: 60px !important;padding-left: 60px !important;}&#8221; el_class=&#8221;inverse&#8221;][vc_single_image image=&#8221;84880&#8243; img_size=&#8221;1560&#215;707&#8243; alignment=&#8221;center&#8221; css=&#8221;.vc_custom_1772828569482{margin-bottom: 0px !important;padding-bottom: 0px !important;}&#8221;][vc_column_text]<\/p>\n<div class=\"title parbase aem-GridColumn aem-GridColumn--default--12\">\n<div>\n<h2 class=\"title left\" style=\"text-align: center;\"><span style=\"color: #000000;\">MANIPULATION FACILE<\/span><\/h2>\n<\/div>\n<\/div>\n<div class=\"text parbase aem-GridColumn aem-GridColumn--default--12\">\n<p style=\"text-align: center;\"><span style=\"color: #000000;\">Vous avez besoin d\u2019une voiturette lourde qui reste facile \u00e0 man\u0153uvrer? Avec le rayon de braquage le plus court de sa cat\u00e9gorie, le Carryall 300 offre une maniabilit\u00e9 in\u00e9gal\u00e9e. Son cadre en aluminium antirouille r\u00e9siste \u00e0 l&#8217;eau, aux produits chimiques et aux engrais.<\/span><\/p>\n<p style=\"text-align: center;\"><span style=\"color: #000000;\">La direction \u00e0 cr\u00e9maill\u00e8re rend le Carryall 300 facile \u00e0 manipuler, m\u00eame avec une capacit\u00e9 de charge totale de 800 livres. De son robuste pare-chocs avant \u00e0 sa caisse cargo \u00e0 plat avec options de hayon arri\u00e8re ou lat\u00e9rales, c\u2019est la solution id\u00e9ale pour vos travaux industriels et commerciaux l\u00e9gers.<\/span><\/p>\n<\/div>\n<p>[\/vc_column_text][vc_btn title=&#8221;Brochure&#8221; color=&#8221;chino&#8221; align=&#8221;center&#8221; link=&#8221;url:https%3A%2F%2Fassets-us-01.kc-usercontent.com%2F6abcfde7-3568-006f-9221-66adacb7173a%2F27ec6e81-edb9-43ed-9e57-e96e818efdaa%2FCOMM0045_Carryall300_SellSheet.pdf|target:_blank&#8221;][\/vc_column][\/vc_row][vc_row equal_height=&#8221;yes&#8221; content_placement=&#8221;middle&#8221;][vc_column width=&#8221;2\/3&#8243;][vc_single_image image=&#8221;14638&#8243; img_size=&#8221;full&#8221;][\/vc_column][vc_column width=&#8221;1\/3&#8243;][vc_column_text]<\/p>\n<div class=\"title parbase aem-GridColumn aem-GridColumn--default--12\">\n<h2 class=\"title left\" style=\"text-align: center;\"><span style=\"color: #000000;\">VERSATTACH<\/span><\/h2>\n<\/div>\n<div class=\"text parbase aem-GridColumn aem-GridColumn--default--12\">\n<p style=\"text-align: center;\"><span style=\"color: #000000;\">Assurez-vous de toujours avoir le bon outil au bon moment avec le syst\u00e8me exclusif de fixation.<\/span><\/p>\n<p style=\"text-align: center;\"><span style=\"color: #000000;\">Stockez plusieurs des outils dont vous avez besoin en m\u00eame temps et soyez assur\u00e9 de ne pas les endommager en roulant.<\/span><\/p>\n<p style=\"text-align: center;\"><span style=\"color: #000000;\"><strong>**Disponible exclusivement sur les v\u00e9hicules Carryall 300, 500, 550 et 700**<\/strong><\/span><\/p>\n<\/div>\n<p>[\/vc_column_text][\/vc_column][\/vc_row][vc_row][vc_column][vc_single_image image=&#8221;84878&#8243; img_size=&#8221;full&#8221; alignment=&#8221;center&#8221;][vc_single_image image=&#8221;84879&#8243; img_size=&#8221;full&#8221; alignment=&#8221;center&#8221;][\/vc_column][\/vc_row][vc_row full_width=&#8221;stretch_row&#8221; css=&#8221;.vc_custom_1547645934065{padding-top: 40px !important;padding-bottom: 40px !important;background-color: #f2f2f2 !important;}&#8221;][vc_column width=&#8221;1\/2&#8243;][vc_column_text]<\/p>\n<h2>Sp\u00e9cifications <strong>\u00e9lectrique<\/strong><\/h2>\n<p>[\/vc_column_text][vc_tta_accordion shape=&#8221;square&#8221; color=&#8221;white&#8221; active_section=&#8221;0&#8243; collapsible_all=&#8221;true&#8221;][vc_tta_section title=&#8221;Puissance&#8221; tab_id=&#8221;power1689-1b7c&#8221;][vc_column_text]<\/p>\n<ul>\n<li>Moteur : 48 V DC<\/li>\n<li>Puissance: 3.3 hp (2.4 kW) rated; Peak 13 hp (9.6 kW)<\/li>\n<li>Batteries: Six de 8-volt<\/li>\n<li>Chargeur: E.R.I.C. (650 watt high frequency)<\/li>\n<li>Vitesse: 8 \u00e0 27 km\/h<\/li>\n<li>Capacit\u00e9 du r\u00e9servoir: N\/A<\/li>\n<\/ul>\n<p>[\/vc_column_text][\/vc_tta_section][vc_tta_section title=&#8221;Direction &amp; Suspension&#8221; tab_id=&#8221;1547645687190-40ba7656-b1c51689-1b7c&#8221;][vc_column_text]<\/p>\n<ul>\n<li>Direction: Pignon et cr\u00e9maill\u00e8re \u00e0 r\u00e9glage automatique<\/li>\n<li>Suspension avant: Ressorts \u00e0 lames ind\u00e9pendants w \/ double amortissement hydraulique<\/li>\n<li>Cercle de virage: 108.7 pouces (276.2 cm)<\/li>\n<li>Garde au sol: 5.6 pouces (14.2 cm)<\/li>\n<\/ul>\n<p>[\/vc_column_text][\/vc_tta_section][vc_tta_section title=&#8221;Freins&#8221; tab_id=&#8221;1547645692830-eba3c397-bbec1689-1b7c&#8221;][vc_column_text]<\/p>\n<ul>\n<li>Freins: Tambour m\u00e9canique arri\u00e8re<\/li>\n<li>Freins de stationnement: Commande au pied, verrouillage multiple<\/li>\n<\/ul>\n<p>[\/vc_column_text][\/vc_tta_section][vc_tta_section title=&#8221;Carrosserie &amp; Pneus&#8221; tab_id=&#8221;1548793395690-412ca092-a320&#8243;][vc_column_text]<\/p>\n<ul>\n<li>Finition: ArmorFlex &#x2122; avec peinture automobile \/ couche transparente<\/li>\n<li>Pneus: 20 x 10 &#8211; 10<\/li>\n<li>Cadre :\u00a0AlumiCore &#x2122; &#8211; Boite en aluminium<\/li>\n<\/ul>\n<p>[\/vc_column_text][\/vc_tta_section][vc_tta_section title=&#8221;Dimensions et poids&#8221; tab_id=&#8221;1548793785131-016d710c-607d&#8221;][vc_column_text]<\/p>\n<ul>\n<li>Longueur totale: 110.1 pouces (349.3 cm)<\/li>\n<li>Largueur totale: 47.1 pouces (119.6 cm)<\/li>\n<li>Empattement: 65,5 pouces (166,3 cm)<\/li>\n<li>Poids \u00e0 vide : 1 105 lb<\/li>\n<li>Boite (LxWxH):\u00a036.2 x 47.5 x 10.5 pouces | (91.9 x 120.6 x 26.6 cm)<\/li>\n<li>Capacit\u00e9 de chargement: 300 lbs<\/li>\n<li>Capacit\u00e9 de remorquage: 800 lbs<\/li>\n<\/ul>\n<p>[\/vc_column_text][\/vc_tta_section][\/vc_tta_accordion][\/vc_column][vc_column width=&#8221;1\/2&#8243;][vc_column_text]<\/p>\n<h2>Sp\u00e9cifications \u00e0 <strong>essence<\/strong><\/h2>\n<p>[\/vc_column_text][vc_tta_accordion shape=&#8221;square&#8221; color=&#8221;white&#8221; active_section=&#8221;0&#8243; collapsible_all=&#8221;true&#8221;][vc_tta_section title=&#8221;Puissance&#8221; tab_id=&#8221;1548792767114-c265f205-0dcb&#8221;][vc_column_text]<\/p>\n<ul>\n<li>Moteur : 429 cc Kohler, Overhead Valve (OHV) with EFI<\/li>\n<li>Puissance: 14.0 hp (10.3 kW) rated @ 3600 RPM per SAE J1940<\/li>\n<li>Batteries: 12V 500 CCA, 105 min reserve<\/li>\n<li>Chargeur: N\/A<\/li>\n<li>Vitesse: 8 \u00e0 27 km\/h<\/li>\n<li>Capacit\u00e9 du r\u00e9servoir: 5.5 gal (20.8 L)<\/li>\n<\/ul>\n<p>[\/vc_column_text][\/vc_tta_section][vc_tta_section title=&#8221;Direction &amp; Suspension&#8221; tab_id=&#8221;1548792767193-7c5145f7-ee3d&#8221;][vc_column_text]<\/p>\n<ul>\n<li>Direction: Pignon et cr\u00e9maill\u00e8re \u00e0 r\u00e9glage automatique<\/li>\n<li>Suspension avant: Ressorts \u00e0 lames ind\u00e9pendants w \/ double amortissement hydraulique<\/li>\n<li>Cercle de virage: 108.7 pouces (276.2 cm)<\/li>\n<li>Garde au sol: 5.6 pouces (14.2 cm)<\/li>\n<\/ul>\n<p>[\/vc_column_text][\/vc_tta_section][vc_tta_section title=&#8221;Freins&#8221; tab_id=&#8221;1548792767259-04e2e79b-ca62&#8243;][vc_column_text]<\/p>\n<ul>\n<li>Freins: Tambour m\u00e9canique arri\u00e8re<\/li>\n<li>Freins de stationnement: Commande au pied, verrouillage multiple<\/li>\n<\/ul>\n<p>[\/vc_column_text][\/vc_tta_section][vc_tta_section title=&#8221;Carrosserie &amp; Pneus&#8221; tab_id=&#8221;1548793398040-e3e63128-54bd&#8221;][vc_column_text]<\/p>\n<ul>\n<li>Finition: ArmorFlex &#x2122; avec peinture automobile \/ couche transparente<\/li>\n<li>Pneus: 20 x 10 &#8211; 10<\/li>\n<li>Cadre :\u00a0AlumiCore &#x2122; &#8211; Boite en aluminium<\/li>\n<\/ul>\n<p>[\/vc_column_text][\/vc_tta_section][vc_tta_section title=&#8221;Dimensions et poids&#8221; tab_id=&#8221;1548793786952-6d6c22be-278b&#8221;][vc_column_text]<\/p>\n<ul>\n<li>Longueur totale: 110.1 pouces (349.3 cm)<\/li>\n<li>Largueur totale: 47.1 pouces (119.6 cm)<\/li>\n<li>Empattement: 65,5 pouces (166,3 cm)<\/li>\n<li>Poids \u00e0 vide : 817 lbs<\/li>\n<li>Boite (LxWxH):\u00a036.2 x 47.5 x 10.5 pouces | (91.9 x 120.6 x 26.6 cm)<\/li>\n<li>Capacit\u00e9 de chargement: 300 lbs<\/li>\n<li>Capacit\u00e9 de remorquage: 800 lbs<\/li>\n<\/ul>\n<p>[\/vc_column_text][\/vc_tta_section][\/vc_tta_accordion][\/vc_column][\/vc_row][vc_row css=&#8221;.vc_custom_1547646749679{padding-top: 40px !important;padding-bottom: 40px !important;}&#8221;][vc_column][vc_column_text]<\/p>\n<h2 style=\"text-align: center;\">Autres voiturettes neuves<\/h2>\n<p>[\/vc_column_text]<div class=\"woocommerce columns-4 \"><ul class=\"products columns-4\">\n<li class=\"product type-product post-61737 status-publish first instock product_cat-2-passengers product_cat-4-passengers product_cat-electric-vehicles product_cat-new-carts product_cat-personal-transport product_cat-personnal has-post-thumbnail taxable shipping-taxable product-type-simple\">\n\t<a href=\"https:\/\/mobilicab.com\/en\/produit\/onward-connect__trashed\/\" class=\"woocommerce-LoopProduct-link woocommerce-loop-product__link\"><img loading=\"lazy\" decoding=\"async\" width=\"324\" height=\"243\" src=\"https:\/\/mobilicab.com\/wp-content\/uploads\/2021\/05\/ClubCar-Connectivity-Personal-screen-update-1600x900-1-324x243.jpg\" class=\"attachment-woocommerce_thumbnail size-woocommerce_thumbnail\" alt=\"ONWARD\u00ae CONNECT\" \/><h2 class=\"woocommerce-loop-product__title\">ONWARD\u00ae CONNECT<\/h2>\n<\/a><a href=\"https:\/\/mobilicab.com\/en\/produit\/onward-connect__trashed\/\" aria-describedby=\"woocommerce_loop_add_to_cart_link_describedby_61737\" data-quantity=\"1\" class=\"button product_type_simple\" data-product_id=\"61737\" data-product_sku=\"3-1-1-1\" aria-label=\"Read more about &ldquo;ONWARD\u00ae CONNECT&rdquo;\" rel=\"nofollow\" data-success_message=\"\">Read more<\/a>\t<span id=\"woocommerce_loop_add_to_cart_link_describedby_61737\" class=\"screen-reader-text\">\n\t\t\t<\/span>\n<\/li>\n<li class=\"product type-product post-14745 status-publish instock product_cat-4-passengers product_cat-new-carts product_cat-personal-transport has-post-thumbnail taxable shipping-taxable product-type-simple\">\n\t<a href=\"https:\/\/mobilicab.com\/en\/produit\/onward-6-passagers\/\" class=\"woocommerce-LoopProduct-link woocommerce-loop-product__link\"><img loading=\"lazy\" decoding=\"async\" width=\"324\" height=\"243\" src=\"https:\/\/mobilicab.com\/wp-content\/uploads\/2019\/02\/Onward-6passagers-3-324x243.jpg\" class=\"attachment-woocommerce_thumbnail size-woocommerce_thumbnail\" alt=\"ONWARD\u00ae 6 PASSAGERS\" \/><h2 class=\"woocommerce-loop-product__title\">ONWARD\u00ae 6 PASSAGERS<\/h2>\n<\/a><a href=\"https:\/\/mobilicab.com\/en\/produit\/onward-6-passagers\/\" aria-describedby=\"woocommerce_loop_add_to_cart_link_describedby_14745\" data-quantity=\"1\" class=\"button product_type_simple\" data-product_id=\"14745\" data-product_sku=\"1-1\" aria-label=\"Read more about &ldquo;ONWARD\u00ae 6 PASSAGERS&rdquo;\" rel=\"nofollow\" data-success_message=\"\">Read more<\/a>\t<span id=\"woocommerce_loop_add_to_cart_link_describedby_14745\" class=\"screen-reader-text\">\n\t\t\t<\/span>\n<\/li>\n<li class=\"product type-product post-10064 status-publish instock product_cat-4x4-en product_cat-new-carts product_cat-passenger-transport product_cat-passengers-transportation product_cat-utility-4x4 product_cat-utility-and-commercial product_cat-xrt-4x4-en has-post-thumbnail taxable shipping-taxable product-type-simple\">\n\t<a href=\"https:\/\/mobilicab.com\/en\/produit\/xrt1550-se\/\" class=\"woocommerce-LoopProduct-link woocommerce-loop-product__link\"><img loading=\"lazy\" decoding=\"async\" width=\"324\" height=\"243\" src=\"https:\/\/mobilicab.com\/wp-content\/uploads\/2018\/06\/XRT1550-SE-324x243.jpg\" class=\"attachment-woocommerce_thumbnail size-woocommerce_thumbnail\" alt=\"XRT1550 SE\" \/><h2 class=\"woocommerce-loop-product__title\">XRT1550 SE<\/h2>\n<\/a><a href=\"https:\/\/mobilicab.com\/en\/produit\/xrt1550-se\/\" aria-describedby=\"woocommerce_loop_add_to_cart_link_describedby_10064\" data-quantity=\"1\" class=\"button product_type_simple\" data-product_id=\"10064\" data-product_sku=\"12\" aria-label=\"Read more about &ldquo;XRT1550 SE&rdquo;\" rel=\"nofollow\" data-success_message=\"\">Read more<\/a>\t<span id=\"woocommerce_loop_add_to_cart_link_describedby_10064\" class=\"screen-reader-text\">\n\t\t\t<\/span>\n<\/li>\n<li class=\"product type-product post-10079 status-publish last instock product_cat-golf-utility product_cat-new-carts has-post-thumbnail taxable shipping-taxable product-type-simple\">\n\t<a href=\"https:\/\/mobilicab.com\/en\/produit\/carryall-500-turf\/\" class=\"woocommerce-LoopProduct-link woocommerce-loop-product__link\"><img loading=\"lazy\" decoding=\"async\" width=\"324\" height=\"243\" src=\"https:\/\/mobilicab.com\/wp-content\/uploads\/2018\/06\/CARRYALL-500-TURF-324x243.jpg\" class=\"attachment-woocommerce_thumbnail size-woocommerce_thumbnail\" alt=\"CARRYALL 500 TURF\" \/><h2 class=\"woocommerce-loop-product__title\">CARRYALL 500 TURF<\/h2>\n<\/a><a href=\"https:\/\/mobilicab.com\/en\/produit\/carryall-500-turf\/\" aria-describedby=\"woocommerce_loop_add_to_cart_link_describedby_10079\" data-quantity=\"1\" class=\"button product_type_simple\" data-product_id=\"10079\" data-product_sku=\"38\" aria-label=\"Read more about &ldquo;CARRYALL 500 TURF&rdquo;\" rel=\"nofollow\" data-success_message=\"\">Read more<\/a>\t<span id=\"woocommerce_loop_add_to_cart_link_describedby_10079\" class=\"screen-reader-text\">\n\t\t\t<\/span>\n<\/li>\n<\/ul>\n<\/div>[\/vc_column][\/vc_row]<\/p>\n","protected":false},"excerpt":{"rendered":"<p>Surpasse n&#8217;importe quel autre v\u00e9hicule utilitaire de sa cat\u00e9gorie. Mettez-le \u00e0 l&#8217;\u00e9preuve et voyez par vous-m\u00eame aujourd&#8217;hui.<\/p>\n","protected":false},"featured_media":14634,"template":"","meta":{"_acf_changed":false},"product_brand":[],"product_cat":[274],"product_tag":[],"class_list":{"0":"post-63416","1":"product","2":"type-product","3":"status-publish","4":"has-post-thumbnail","6":"product_cat-new-carts","8":"first","9":"instock","10":"taxable","11":"shipping-taxable","12":"product-type-simple"},"acf":[],"_links":{"self":[{"href":"https:\/\/mobilicab.com\/en\/wp-json\/wp\/v2\/product\/63416","targetHints":{"allow":["GET"]}}],"collection":[{"href":"https:\/\/mobilicab.com\/en\/wp-json\/wp\/v2\/product"}],"about":[{"href":"https:\/\/mobilicab.com\/en\/wp-json\/wp\/v2\/types\/product"}],"wp:featuredmedia":[{"embeddable":true,"href":"https:\/\/mobilicab.com\/en\/wp-json\/wp\/v2\/media\/14634"}],"wp:attachment":[{"href":"https:\/\/mobilicab.com\/en\/wp-json\/wp\/v2\/media?parent=63416"}],"wp:term":[{"taxonomy":"product_brand","embeddable":true,"href":"https:\/\/mobilicab.com\/en\/wp-json\/wp\/v2\/product_brand?post=63416"},{"taxonomy":"product_cat","embeddable":true,"href":"https:\/\/mobilicab.com\/en\/wp-json\/wp\/v2\/product_cat?post=63416"},{"taxonomy":"product_tag","embeddable":true,"href":"https:\/\/mobilicab.com\/en\/wp-json\/wp\/v2\/product_tag?post=63416"}],"curies":[{"name":"wp","href":"https:\/\/api.w.org\/{rel}","templated":true}]}}