{"id":71275,"date":"2023-03-13T13:57:48","date_gmt":"2023-03-13T17:57:47","guid":{"rendered":"https:\/\/mobilicab.com\/?post_type=product&#038;p=71275"},"modified":"2023-03-13T15:27:45","modified_gmt":"2023-03-13T19:27:45","slug":"carryall-lithium","status":"publish","type":"product","link":"https:\/\/mobilicab.com\/en\/produit\/carryall-lithium\/","title":{"rendered":"CARRYALL LITHIUM"},"content":{"rendered":"<p>[vc_row][vc_column][vc_single_image image=&#8221;71281&#8243; img_size=&#8221;full&#8221; alignment=&#8221;center&#8221;][\/vc_column][\/vc_row][vc_row equal_height=&#8221;yes&#8221; content_placement=&#8221;middle&#8221; css=&#8221;.vc_custom_1547645353825{margin-bottom: 20px !important;}&#8221;][vc_column width=&#8221;1\/3&#8243; css=&#8221;.vc_custom_1678730968941{padding-top: 60px !important;padding-right: 60px !important;padding-bottom: 60px !important;padding-left: 60px !important;}&#8221; el_class=&#8221;inverse&#8221;][vc_single_image image=&#8221;71279&#8243; img_size=&#8221;full&#8221; alignment=&#8221;center&#8221; css=&#8221;.vc_custom_1678731041743{margin-bottom: 0px !important;padding-bottom: 0px !important;}&#8221;][\/vc_column][vc_column width=&#8221;2\/3&#8243;][vc_column_text]<\/p>\n<div class=\"title parbase aem-GridColumn aem-GridColumn--default--12\">\n<h2 class=\"title left\">LA QUALIT\u00c9 CARRYALL, JUSTE AM\u00c9LIOR\u00c9E !<\/h2>\n<\/div>\n<div class=\"text parbase aem-GridColumn aem-GridColumn--default--12\">\n<p>Club Car Carryall est con\u00e7u pour \u00eatre robuste et polyvalent &#8211; aucune t\u00e2che n&#8217;est trop grande ou trop petite. Et maintenant, avec l&#8217;ajout de notre toute nouvelle batterie Lithium-Ion, les Carryall 500, 502, 550 et 700 sont encore plus efficaces que jamais.<\/p>\n<p>Qu&#8217;il s&#8217;agisse de l&#8217;entretien des terrains, de l&#8217;am\u00e9nagement paysager, des terrains de sport et des installations, ou quoi que ce soit entre les deux, avec un groupe motopropulseur \u00e9lectrique au lithium AC sans entretien, vous passerez moins de temps \u00e0 vous pr\u00e9parer pour la journ\u00e9e de travail et plus de temps \u00e0 faire le travail.<\/p>\n<\/div>\n<p>[\/vc_column_text][\/vc_column][\/vc_row][vc_row][vc_column][vc_single_image image=&#8221;71283&#8243; img_size=&#8221;full&#8221; alignment=&#8221;center&#8221;][\/vc_column][\/vc_row][vc_row][vc_column][vc_separator][\/vc_column][\/vc_row][vc_row][vc_column width=&#8221;1\/3&#8243;][vc_single_image image=&#8221;71285&#8243; img_size=&#8221;full&#8221; alignment=&#8221;center&#8221;][vc_column_text]Batterie sans entretien : aucun temps de perdu au remplissage des batteries ou au nettoyage des bornes. R\u00e9duit les co\u00fbts d&#8217;exploitation et am\u00e9liore l&#8217;efficacit\u00e9.[\/vc_column_text][\/vc_column][vc_column width=&#8221;1\/3&#8243;][vc_single_image image=&#8221;71287&#8243; img_size=&#8221;full&#8221; alignment=&#8221;center&#8221;][vc_column_text]Dur\u00e9e de vie de la batterie plus longue : une dur\u00e9e de vie de 10 ans signifie moins de remplacements de batterie et des co\u00fbts de maintenance r\u00e9duits tout au long de la dur\u00e9e de vie de la voiture.[\/vc_column_text][\/vc_column][vc_column width=&#8221;1\/3&#8243;][vc_single_image image=&#8221;71289&#8243; img_size=&#8221;full&#8221; alignment=&#8221;center&#8221;][vc_column_text]Chargement efficace de la batterie : des temps de charge jusqu&#8217;\u00e0 40 % plus rapides que les groupes motopropulseurs \u00e0 batterie au plomb garantiront que votre v\u00e9hicule est pr\u00eat pour votre journ\u00e9e de travail lorsque vous l&#8217;\u00eates. Et avec la possibilit\u00e9 de recharger sans d\u00e9grader les performances ou la dur\u00e9e de vie de la batterie, vous pouvez toujours obtenir un peu plus de puissance \u00e0 partir d&#8217;une charge courte pour g\u00e9rer une journ\u00e9e de travail tr\u00e8s longue.[\/vc_column_text][\/vc_column][\/vc_row][vc_row][vc_column width=&#8221;1\/3&#8243;][vc_single_image image=&#8221;71291&#8243; img_size=&#8221;full&#8221; alignment=&#8221;center&#8221;][vc_column_text]Puissance accrue : avec un puissant moteur \u00e9lectrique AC sans brosse de 21,4 chevaux, les v\u00e9hicules Carryall Lithium ont la meilleure puissance de mont\u00e9e en c\u00f4te et une puissance constante. Et avec une vitesse de pointe pouvant atteindre 30 km\/h, vous pouvez travailler plus rapidement et plus efficacement, ce qui vous permet d&#8217;en faire plus tout au long de la journ\u00e9e.[\/vc_column_text][\/vc_column][vc_column width=&#8221;1\/3&#8243;][vc_single_image image=&#8221;71293&#8243; img_size=&#8221;full&#8221; alignment=&#8221;center&#8221;][vc_column_text]Poids plus l\u00e9ger : les v\u00e9hicules Carryall Lithium p\u00e8sent pr\u00e8s de 400 lbs de moins que les v\u00e9hicules \u00e9quivalents aliment\u00e9s au plomb. Cela permet un fonctionnement plus fluide sur le terrain avec moins de dommages au gazon, tout en maintenant une conduite douce et confortable.[\/vc_column_text][\/vc_column][vc_column width=&#8221;1\/3&#8243;][vc_single_image image=&#8221;71295&#8243; img_size=&#8221;full&#8221; alignment=&#8221;center&#8221;][vc_column_text]Autonomie constante : la capacit\u00e9 de la batterie au lithium ne se d\u00e9grade pas avec le temps comme les batteries au plomb, ce qui se traduit par une performance de port\u00e9e constante ann\u00e9e apr\u00e8s ann\u00e9e.[\/vc_column_text][\/vc_column][\/vc_row][vc_row css=&#8221;.vc_custom_1547646749679{padding-top: 40px !important;padding-bottom: 40px !important;}&#8221;][vc_column][vc_column_text]<\/p>\n<h2 style=\"text-align: center;\">Autres voiturettes neuves<\/h2>\n<p>[\/vc_column_text]<div class=\"woocommerce columns-4 \"><ul class=\"products columns-4\">\n<li class=\"product type-product post-10066 status-publish first instock product_cat-new-carts product_cat-passenger-transport product_cat-passengers-transportation product_cat-utility-and-commercial has-post-thumbnail taxable shipping-taxable product-type-simple\">\n\t<a href=\"https:\/\/mobilicab.com\/en\/produit\/villager-8\/\" class=\"woocommerce-LoopProduct-link woocommerce-loop-product__link\"><img loading=\"lazy\" decoding=\"async\" width=\"324\" height=\"243\" src=\"https:\/\/mobilicab.com\/wp-content\/uploads\/2018\/06\/Villager-8-shuttle-640x443-1-324x243.jpg\" class=\"attachment-woocommerce_thumbnail size-woocommerce_thumbnail\" alt=\"VILLAGER 8\" \/><h2 class=\"woocommerce-loop-product__title\">VILLAGER 8<\/h2>\n<\/a><a href=\"https:\/\/mobilicab.com\/en\/produit\/villager-8\/\" aria-describedby=\"woocommerce_loop_add_to_cart_link_describedby_10066\" data-quantity=\"1\" class=\"button product_type_simple\" data-product_id=\"10066\" data-product_sku=\"17\" aria-label=\"Read more about &ldquo;VILLAGER 8&rdquo;\" rel=\"nofollow\" data-success_message=\"\">Read more<\/a>\t<span id=\"woocommerce_loop_add_to_cart_link_describedby_10066\" class=\"screen-reader-text\">\n\t\t\t<\/span>\n<\/li>\n<li class=\"product type-product post-10065 status-publish instock product_cat-4x4-en product_cat-new-carts product_cat-utility-4x4 product_cat-utility-and-commercial product_cat-xrt-4x4-en has-post-thumbnail taxable shipping-taxable product-type-simple\">\n\t<a href=\"https:\/\/mobilicab.com\/en\/produit\/xrt1550\/\" class=\"woocommerce-LoopProduct-link woocommerce-loop-product__link\"><img loading=\"lazy\" decoding=\"async\" width=\"324\" height=\"243\" src=\"https:\/\/mobilicab.com\/wp-content\/uploads\/2018\/06\/XRT1550-324x243.jpg\" class=\"attachment-woocommerce_thumbnail size-woocommerce_thumbnail\" alt=\"XRT1550\" \/><h2 class=\"woocommerce-loop-product__title\">XRT1550<\/h2>\n<\/a><a href=\"https:\/\/mobilicab.com\/en\/produit\/xrt1550\/\" aria-describedby=\"woocommerce_loop_add_to_cart_link_describedby_10065\" data-quantity=\"1\" class=\"button product_type_simple\" data-product_id=\"10065\" data-product_sku=\"11\" aria-label=\"Read more about &ldquo;XRT1550&rdquo;\" rel=\"nofollow\" data-success_message=\"\">Read more<\/a>\t<span id=\"woocommerce_loop_add_to_cart_link_describedby_10065\" class=\"screen-reader-text\">\n\t\t\t<\/span>\n<\/li>\n<li class=\"product type-product post-10074 status-publish instock product_cat-4-passengers product_cat-golf-fleet product_cat-new-carts product_cat-personnal has-post-thumbnail taxable shipping-taxable product-type-simple\">\n\t<a href=\"https:\/\/mobilicab.com\/en\/produit\/tempo-4fun\/\" class=\"woocommerce-LoopProduct-link woocommerce-loop-product__link\"><img loading=\"lazy\" decoding=\"async\" width=\"324\" height=\"243\" src=\"https:\/\/mobilicab.com\/wp-content\/uploads\/2018\/06\/TEMPO-4FUN-324x243.jpg\" class=\"attachment-woocommerce_thumbnail size-woocommerce_thumbnail\" alt=\"TEMPO 4FUN\" \/><h2 class=\"woocommerce-loop-product__title\">TEMPO 4FUN<\/h2>\n<\/a><a href=\"https:\/\/mobilicab.com\/en\/produit\/tempo-4fun\/\" aria-describedby=\"woocommerce_loop_add_to_cart_link_describedby_10074\" data-quantity=\"1\" class=\"button product_type_simple\" data-product_id=\"10074\" data-product_sku=\"32\" aria-label=\"Read more about &ldquo;TEMPO 4FUN&rdquo;\" rel=\"nofollow\" data-success_message=\"\">Read more<\/a>\t<span id=\"woocommerce_loop_add_to_cart_link_describedby_10074\" class=\"screen-reader-text\">\n\t\t\t<\/span>\n<\/li>\n<li class=\"product type-product post-10077 status-publish last instock product_cat-golf-utility product_cat-new-carts has-post-thumbnail taxable shipping-taxable product-type-simple\">\n\t<a href=\"https:\/\/mobilicab.com\/en\/produit\/carryall-700-turf\/\" class=\"woocommerce-LoopProduct-link woocommerce-loop-product__link\"><img loading=\"lazy\" decoding=\"async\" width=\"324\" height=\"243\" src=\"https:\/\/mobilicab.com\/wp-content\/uploads\/2018\/06\/CARRYALL-700-TURF-324x243.jpg\" class=\"attachment-woocommerce_thumbnail size-woocommerce_thumbnail\" alt=\"CARRYALL 700 TURF\" \/><h2 class=\"woocommerce-loop-product__title\">CARRYALL 700 TURF<\/h2>\n<\/a><a href=\"https:\/\/mobilicab.com\/en\/produit\/carryall-700-turf\/\" aria-describedby=\"woocommerce_loop_add_to_cart_link_describedby_10077\" data-quantity=\"1\" class=\"button product_type_simple\" data-product_id=\"10077\" data-product_sku=\"40\" aria-label=\"Read more about &ldquo;CARRYALL 700 TURF&rdquo;\" rel=\"nofollow\" data-success_message=\"\">Read more<\/a>\t<span id=\"woocommerce_loop_add_to_cart_link_describedby_10077\" class=\"screen-reader-text\">\n\t\t\t<\/span>\n<\/li>\n<\/ul>\n<\/div>[\/vc_column][\/vc_row]<\/p>\n","protected":false},"excerpt":{"rendered":"<p>Surpasse n&#8217;importe quel autre v\u00e9hicule utilitaire de sa cat\u00e9gorie. Mettez-le \u00e0 l&#8217;\u00e9preuve et voyez par vous-m\u00eame aujourd&#8217;hui.<\/p>\n","protected":false},"featured_media":71277,"template":"","meta":{"_acf_changed":false},"product_brand":[],"product_cat":[275,427,279,274,282],"product_tag":[],"class_list":{"0":"post-71275","1":"product","2":"type-product","3":"status-publish","4":"has-post-thumbnail","6":"product_cat-4x2-en","7":"product_cat-carryall-4x2-en","8":"product_cat-golf-utility","9":"product_cat-new-carts","10":"product_cat-utility-4x2","12":"first","13":"instock","14":"taxable","15":"shipping-taxable","16":"product-type-simple"},"acf":[],"_links":{"self":[{"href":"https:\/\/mobilicab.com\/en\/wp-json\/wp\/v2\/product\/71275","targetHints":{"allow":["GET"]}}],"collection":[{"href":"https:\/\/mobilicab.com\/en\/wp-json\/wp\/v2\/product"}],"about":[{"href":"https:\/\/mobilicab.com\/en\/wp-json\/wp\/v2\/types\/product"}],"wp:featuredmedia":[{"embeddable":true,"href":"https:\/\/mobilicab.com\/en\/wp-json\/wp\/v2\/media\/71277"}],"wp:attachment":[{"href":"https:\/\/mobilicab.com\/en\/wp-json\/wp\/v2\/media?parent=71275"}],"wp:term":[{"taxonomy":"product_brand","embeddable":true,"href":"https:\/\/mobilicab.com\/en\/wp-json\/wp\/v2\/product_brand?post=71275"},{"taxonomy":"product_cat","embeddable":true,"href":"https:\/\/mobilicab.com\/en\/wp-json\/wp\/v2\/product_cat?post=71275"},{"taxonomy":"product_tag","embeddable":true,"href":"https:\/\/mobilicab.com\/en\/wp-json\/wp\/v2\/product_tag?post=71275"}],"curies":[{"name":"wp","href":"https:\/\/api.w.org\/{rel}","templated":true}]}}