{"id":84967,"date":"2026-03-17T09:05:04","date_gmt":"2026-03-17T13:05:04","guid":{"rendered":"https:\/\/mobilicab.com\/?post_type=product&#038;p=84967"},"modified":"2026-04-01T09:21:14","modified_gmt":"2026-04-01T13:21:14","slug":"84967","status":"publish","type":"product","link":"https:\/\/mobilicab.com\/en\/produit\/84967\/","title":{"rendered":"Precedent \u00c9lectrique 2018, 4 Passagers"},"content":{"rendered":"<p>[vc_row][vc_column width=&#8221;1\/2&#8243;][vc_single_image image=&#8221;84968&#8243; img_size=&#8221;large&#8221; alignment=&#8221;center&#8221;][\/vc_column][vc_column width=&#8221;1\/2&#8243;][vc_column_text]<\/p>\n<h4><\/h4>\n<h4 style=\"text-align: center;\"><span style=\"color: #000000;\">PRECEDENT \u00c9LECTRIQUE 2018, 4 PASSAGERS<\/span><\/h4>\n<h3 style=\"text-align: center;\"><span style=\"color: #000000;\">7 995$<\/span><\/h3>\n<ul>\n<li dir=\"auto\"><span style=\"color: #000000;\">Si\u00e8ge Standard Rabattable Beige<\/span><\/li>\n<li dir=\"auto\"><span style=\"color: #000000;\">Espace de Rangement, sous Si\u00e8ge Arri\u00e8re<\/span><\/li>\n<li dir=\"auto\"><span style=\"color: #000000;\">R\u00e9troviseurs<\/span><\/li>\n<li dir=\"auto\"><span style=\"color: #000000;\">Toit Long Noir<\/span><\/li>\n<li dir=\"auto\"><span style=\"color: #000000;\">Mags<\/span><\/li>\n<li dir=\"auto\"><span style=\"color: #000000;\">Pare-Brise Rabattable<\/span><\/li>\n<li dir=\"auto\"><span style=\"color: #000000;\">Lumi\u00e8res Avants et Arri\u00e8res<\/span><\/li>\n<\/ul>\n<p style=\"text-align: center;\"><span style=\"color: #000000;\">Pour obtenir plus d\u2019information, communiquer avec Jean-Fran\u00e7ois Dorais par courriel au\u00a0jfdorais@mobilicab.com\u00a0ou composer le (450) 546-0999, poste 245.<\/span><\/p>\n<p>[\/vc_column_text][\/vc_column][\/vc_row]<\/p>\n","protected":false},"excerpt":{"rendered":"<p>[vc_row][vc_column width=&#8221;1\/2&#8243;][vc_single_image image=&#8221;84968&#8243; img_size=&#8221;large&#8221; alignment=&#8221;center&#8221;][\/vc_column][vc_column width=&#8221;1\/2&#8243;][vc_column_text] PRECEDENT \u00c9LECTRIQUE 2018, 4 PASSAGERS 7 995$ Si\u00e8ge Standard Rabattable Beige Espace de Rangement, sous Si\u00e8ge Arri\u00e8re R\u00e9troviseurs Toit Long Noir Mags Pare-Brise Rabattable Lumi\u00e8res Avants et Arri\u00e8res Pour obtenir plus d\u2019information, communiquer avec Jean-Fran\u00e7ois Dorais par courriel au\u00a0jfdorais@mobilicab.com\u00a0ou composer le (450) 546-0999, poste 245. [\/vc_column_text][\/vc_column][\/vc_row]<\/p>\n","protected":false},"featured_media":84968,"template":"","meta":{"_acf_changed":false},"product_brand":[],"product_cat":[49],"product_tag":[],"class_list":{"0":"post-84967","1":"product","2":"type-product","3":"status-publish","4":"has-post-thumbnail","6":"product_cat-camping","8":"first","9":"instock","10":"sale","11":"taxable","12":"shipping-taxable","13":"purchasable","14":"product-type-simple"},"acf":[],"_links":{"self":[{"href":"https:\/\/mobilicab.com\/en\/wp-json\/wp\/v2\/product\/84967","targetHints":{"allow":["GET"]}}],"collection":[{"href":"https:\/\/mobilicab.com\/en\/wp-json\/wp\/v2\/product"}],"about":[{"href":"https:\/\/mobilicab.com\/en\/wp-json\/wp\/v2\/types\/product"}],"wp:featuredmedia":[{"embeddable":true,"href":"https:\/\/mobilicab.com\/en\/wp-json\/wp\/v2\/media\/84968"}],"wp:attachment":[{"href":"https:\/\/mobilicab.com\/en\/wp-json\/wp\/v2\/media?parent=84967"}],"wp:term":[{"taxonomy":"product_brand","embeddable":true,"href":"https:\/\/mobilicab.com\/en\/wp-json\/wp\/v2\/product_brand?post=84967"},{"taxonomy":"product_cat","embeddable":true,"href":"https:\/\/mobilicab.com\/en\/wp-json\/wp\/v2\/product_cat?post=84967"},{"taxonomy":"product_tag","embeddable":true,"href":"https:\/\/mobilicab.com\/en\/wp-json\/wp\/v2\/product_tag?post=84967"}],"curies":[{"name":"wp","href":"https:\/\/api.w.org\/{rel}","templated":true}]}}