{"id":85173,"date":"2026-03-19T11:22:05","date_gmt":"2026-03-19T15:22:05","guid":{"rendered":"https:\/\/mobilicab.com\/?post_type=product&#038;p=85173"},"modified":"2026-03-19T11:44:46","modified_gmt":"2026-03-19T15:44:46","slug":"urban-xr-avec-boite-vidangeur","status":"publish","type":"product","link":"https:\/\/mobilicab.com\/en\/produit\/urban-xr-avec-boite-vidangeur\/","title":{"rendered":"Urban XR avec Boite Vidangeur"},"content":{"rendered":"<p>[vc_row][vc_column width=&#8221;1\/2&#8243;][vc_gallery interval=&#8221;3&#8243; images=&#8221;85175,85174&#8243; img_size=&#8221;large&#8221;][\/vc_column][vc_column width=&#8221;1\/2&#8243;][vc_column_text]<\/p>\n<h4><\/h4>\n<h4 style=\"text-align: center;\"><span style=\"color: #000000;\">URBAN XR 2025, AVEC BOITE VIDANGEUR<\/span><\/h4>\n<h3 style=\"text-align: center;\"><span style=\"color: #000000;\">59 495$<\/span><\/h3>\n<ul>\n<li><span style=\"color: #000000;\">Boite Basculante en Plastique Robuste pour Bennes hors Sol<\/span><\/li>\n<li><span style=\"color: #000000;\">Boite Dompeuse \u00c9lectrique avec V\u00e9rin Hydraulique pour Soulever et Vider le Transporteur<\/span><\/li>\n<li><span style=\"color: #000000;\">Batterie au Lithium<\/span><\/li>\n<li><span style=\"color: #000000;\">Triangle R\u00e9fl\u00e9chissant, Arri\u00e8re de la Cabine<\/span><\/li>\n<li><span style=\"color: #000000;\">Si\u00e8ge Standard en Tissus avec Ceinture de S\u00e9curit\u00e9<\/span><\/li>\n<li><span style=\"color: #000000;\">Lumi\u00e8res Avant et Arri\u00e8res au DEL<\/span><\/li>\n<li><span style=\"color: #000000;\">St\u00e9r\u00e9o Bluetooth avec Chargement USB et Haut-Parleur\u00a0<\/span><\/li>\n<li><span style=\"color: #000000;\">Rangement dans le Tableau de Bord<\/span><\/li>\n<li><span style=\"color: #000000;\">Ventilation pour le Chauffage<\/span><\/li>\n<li><span style=\"color: #000000;\">Klaxon et Clignotants<\/span><\/li>\n<\/ul>\n<p style=\"text-align: center;\"><span style=\"color: #000000;\">Pour obtenir plus d\u2019information, communiquer avec Jean-Fran\u00e7ois Dorais par courriel au\u00a0jfdorais@mobilicab.com\u00a0ou composer le (450) 546-0999, poste 245.<\/span><\/p>\n<p>[\/vc_column_text][\/vc_column][\/vc_row]<\/p>\n","protected":false},"excerpt":{"rendered":"<p>[vc_row][vc_column width=&#8221;1\/2&#8243;][vc_gallery interval=&#8221;3&#8243; images=&#8221;85175,85174&#8243; img_size=&#8221;large&#8221;][\/vc_column][vc_column width=&#8221;1\/2&#8243;][vc_column_text] URBAN XR 2025, AVEC BOITE VIDANGEUR 59 495$ Boite Basculante en Plastique Robuste pour Bennes hors Sol Boite Dompeuse \u00c9lectrique avec V\u00e9rin Hydraulique pour Soulever et Vider le Transporteur Batterie au Lithium Triangle R\u00e9fl\u00e9chissant, Arri\u00e8re de la Cabine Si\u00e8ge Standard en Tissus avec Ceinture de S\u00e9curit\u00e9 Lumi\u00e8res Avant et [&hellip;]<\/p>\n","protected":false},"featured_media":85175,"template":"","meta":{"_acf_changed":false},"product_brand":[],"product_cat":[522],"product_tag":[],"class_list":{"0":"post-85173","1":"product","2":"type-product","3":"status-publish","4":"has-post-thumbnail","6":"product_cat-utilitaire-et-commercial","8":"first","9":"instock","10":"taxable","11":"shipping-taxable","12":"purchasable","13":"product-type-simple"},"acf":[],"_links":{"self":[{"href":"https:\/\/mobilicab.com\/en\/wp-json\/wp\/v2\/product\/85173","targetHints":{"allow":["GET"]}}],"collection":[{"href":"https:\/\/mobilicab.com\/en\/wp-json\/wp\/v2\/product"}],"about":[{"href":"https:\/\/mobilicab.com\/en\/wp-json\/wp\/v2\/types\/product"}],"wp:featuredmedia":[{"embeddable":true,"href":"https:\/\/mobilicab.com\/en\/wp-json\/wp\/v2\/media\/85175"}],"wp:attachment":[{"href":"https:\/\/mobilicab.com\/en\/wp-json\/wp\/v2\/media?parent=85173"}],"wp:term":[{"taxonomy":"product_brand","embeddable":true,"href":"https:\/\/mobilicab.com\/en\/wp-json\/wp\/v2\/product_brand?post=85173"},{"taxonomy":"product_cat","embeddable":true,"href":"https:\/\/mobilicab.com\/en\/wp-json\/wp\/v2\/product_cat?post=85173"},{"taxonomy":"product_tag","embeddable":true,"href":"https:\/\/mobilicab.com\/en\/wp-json\/wp\/v2\/product_tag?post=85173"}],"curies":[{"name":"wp","href":"https:\/\/api.w.org\/{rel}","templated":true}]}}