{"id":85329,"date":"2026-05-15T16:13:29","date_gmt":"2026-05-15T20:13:29","guid":{"rendered":"https:\/\/mobilicab.com\/?post_type=product&#038;p=85329"},"modified":"2026-05-15T16:15:47","modified_gmt":"2026-05-15T20:15:47","slug":"onward-2023-4-passagers-lifted","status":"publish","type":"product","link":"https:\/\/mobilicab.com\/en\/produit\/onward-2023-4-passagers-lifted\/","title":{"rendered":"Onward 2023 4 Passagers (LIFTED)"},"content":{"rendered":"<p>[vc_row][vc_column width=&#8221;1\/2&#8243;][vc_single_image image=&#8221;85330&#8243; img_size=&#8221;large&#8221; alignment=&#8221;center&#8221;][\/vc_column][vc_column width=&#8221;1\/2&#8243;][vc_column_text]<\/p>\n<h3 style=\"text-align: center;\"><span style=\"color: #000000;\">ONWARD 2023 4 PASSAGERS (LIFTED)<\/span><\/h3>\n<h2 style=\"text-align: center;\"><span style=\"color: #000000;\">14 895$<\/span><\/h2>\n<ul>\n<li><span style=\"color: #000000;\">Batterie FLA avec Syst\u00e8me de Remplissage\u00a0<\/span><\/li>\n<li><span style=\"color: #000000;\">Si\u00e8ge de Luxe Beige<\/span><\/li>\n<li><span style=\"color: #000000;\">Si\u00e8ge Arri\u00e8re Rabattable<\/span><\/li>\n<li><span style=\"color: #000000;\">Espace de Rangement sous Si\u00e8ge Arri\u00e8re (Peut servir de Glaci\u00e8re)<\/span><\/li>\n<li><span style=\"color: #000000;\">Volant (Comfort Grip)\u00a0<\/span><\/li>\n<li><span style=\"color: #000000;\">Klaxon et Clignotants<\/span><\/li>\n<li><span style=\"color: #000000;\">Lumi\u00e8res Avants et Arri\u00e8res DEL<\/span><\/li>\n<li><span style=\"color: #000000;\">Port USB Double\u00a0<\/span><\/li>\n<li><span style=\"color: #000000;\">Mags<\/span><\/li>\n<li><span style=\"color: #000000;\">Toit Long<\/span><\/li>\n<li><span style=\"color: #000000;\">Pare-Chocs Avant<\/span><\/li>\n<li><span style=\"color: #000000;\">Pare-Brise Rabattable<\/span><\/li>\n<\/ul>\n<p style=\"text-align: center;\"><span style=\"color: #000000;\">Pour obtenir plus d\u2019information, communiquer avec Jonathan Par\u00e9 par courriel au :\u00a0jonathan.pare@mobilicab.com\u00a0ou composer le (450) 546-0999, poste 240.<\/span><\/p>\n<p>[\/vc_column_text][\/vc_column][\/vc_row]<\/p>\n","protected":false},"excerpt":{"rendered":"<p>[vc_row][vc_column width=&#8221;1\/2&#8243;][vc_single_image image=&#8221;85330&#8243; img_size=&#8221;large&#8221; alignment=&#8221;center&#8221;][\/vc_column][vc_column width=&#8221;1\/2&#8243;][vc_column_text] ONWARD 2023 4 PASSAGERS (LIFTED) 14 895$ Batterie FLA avec Syst\u00e8me de Remplissage\u00a0 Si\u00e8ge de Luxe Beige Si\u00e8ge Arri\u00e8re Rabattable Espace de Rangement sous Si\u00e8ge Arri\u00e8re (Peut servir de Glaci\u00e8re) Volant (Comfort Grip)\u00a0 Klaxon et Clignotants Lumi\u00e8res Avants et Arri\u00e8res DEL Port USB Double\u00a0 Mags Toit Long Pare-Chocs Avant [&hellip;]<\/p>\n","protected":false},"featured_media":85330,"template":"","meta":{"_acf_changed":false},"product_brand":[],"product_cat":[49],"product_tag":[],"class_list":{"0":"post-85329","1":"product","2":"type-product","3":"status-publish","4":"has-post-thumbnail","6":"product_cat-camping","8":"first","9":"instock","10":"sale","11":"taxable","12":"shipping-taxable","13":"purchasable","14":"product-type-simple"},"acf":[],"_links":{"self":[{"href":"https:\/\/mobilicab.com\/en\/wp-json\/wp\/v2\/product\/85329","targetHints":{"allow":["GET"]}}],"collection":[{"href":"https:\/\/mobilicab.com\/en\/wp-json\/wp\/v2\/product"}],"about":[{"href":"https:\/\/mobilicab.com\/en\/wp-json\/wp\/v2\/types\/product"}],"wp:featuredmedia":[{"embeddable":true,"href":"https:\/\/mobilicab.com\/en\/wp-json\/wp\/v2\/media\/85330"}],"wp:attachment":[{"href":"https:\/\/mobilicab.com\/en\/wp-json\/wp\/v2\/media?parent=85329"}],"wp:term":[{"taxonomy":"product_brand","embeddable":true,"href":"https:\/\/mobilicab.com\/en\/wp-json\/wp\/v2\/product_brand?post=85329"},{"taxonomy":"product_cat","embeddable":true,"href":"https:\/\/mobilicab.com\/en\/wp-json\/wp\/v2\/product_cat?post=85329"},{"taxonomy":"product_tag","embeddable":true,"href":"https:\/\/mobilicab.com\/en\/wp-json\/wp\/v2\/product_tag?post=85329"}],"curies":[{"name":"wp","href":"https:\/\/api.w.org\/{rel}","templated":true}]}}